{"id":694,"date":"2025-11-07T11:06:33","date_gmt":"2025-11-07T14:06:33","guid":{"rendered":"https:\/\/anomalus.ai\/mais\/?page_id=694"},"modified":"2025-11-07T11:21:52","modified_gmt":"2025-11-07T14:21:52","slug":"mapa-de-eventos","status":"publish","type":"page","link":"https:\/\/anomalus.ai\/mais\/mapa-de-eventos\/","title":{"rendered":"Mapa de Eventos"},"content":{"rendered":"\n<div id=\"wp-block-themeisle-blocks-advanced-columns-71126027\" class=\"wp-block-themeisle-blocks-advanced-columns alignfull has-1-columns has-desktop-equal-layout has-tablet-equal-layout has-mobile-equal-layout has-vertical-center has-dark-bg\"><div class=\"wp-block-themeisle-blocks-advanced-columns-overlay\"><\/div><div class=\"innerblocks-wrap\">\n<div id=\"wp-block-themeisle-blocks-advanced-column-3173e8ac\" class=\"wp-block-themeisle-blocks-advanced-column\">\n<h1 class=\"wp-block-heading has-text-align-center has-nv-text-dark-bg-color has-text-color\">Mapa de Eventos<\/h1>\n<\/div>\n<\/div><\/div>\n\n\n\n<div id=\"wp-block-themeisle-blocks-advanced-columns-05a9f139\" class=\"wp-block-themeisle-blocks-advanced-columns alignfull has-1-columns has-desktop-equal-layout has-tablet-equal-layout has-mobile-collapsedRows-layout has-vertical-center ticss-7c3b5c80 has-light-bg\"><div class=\"wp-block-themeisle-blocks-advanced-columns-overlay\"><\/div><div class=\"innerblocks-wrap\">\n<div id=\"wp-block-themeisle-blocks-advanced-column-ab343fda\" class=\"wp-block-themeisle-blocks-advanced-column\">\n<p>Ambientes corporativos exigem respostas r\u00e1pidas quando qualquer incidente ou anomalia surge. No entanto, com o grande volume de ativos monitorados e a complexidade das infraestruturas, manter uma vis\u00e3o clara do que est\u00e1 acontecendo em tempo real pode ser um desafio \u2014 especialmente para equipes NOC (Network Operations Center) ou gestores de TI que precisam reagir prontamente.<\/p>\n\n\n\n<p>O Anomalus resolve esse desafio com o <strong>Mapa de Eventos<\/strong>, um painel visual e din\u00e2mico que centraliza <strong>tudo o que est\u00e1 acontecendo no ambiente monitorado<\/strong>, oferecendo uma vis\u00e3o operacional imediata e intuitiva.<\/p>\n\n\n\n<p>O objetivo do <strong>Mapa de Eventos<\/strong> \u00e9 oferecer uma <strong>visualiza\u00e7\u00e3o consolidada, centralizada e em tempo real<\/strong> de todos os endpoints cr\u00edticos da infraestrutura, destacando:<\/p>\n\n\n\n<div id=\"wp-block-themeisle-blocks-icon-list-ff0a538b\" class=\"wp-block-themeisle-blocks-icon-list\">\n<div id=\"wp-block-themeisle-blocks-icon-list-item-1f683bd2\" class=\"wp-block-themeisle-blocks-icon-list-item\"><i class=\"fas fa-check wp-block-themeisle-blocks-icon-list-item-icon\"><\/i><p class=\"wp-block-themeisle-blocks-icon-list-item-content\">Equipamentos com <strong>incidentes ativos<\/strong><\/p><\/div>\n\n\n\n<div id=\"wp-block-themeisle-blocks-icon-list-item-58d3caac\" class=\"wp-block-themeisle-blocks-icon-list-item\"><i class=\"fas fa-check wp-block-themeisle-blocks-icon-list-item-icon\"><\/i><p class=\"wp-block-themeisle-blocks-icon-list-item-content\">Equipamentos com <strong>anomalias comportamentais<\/strong><\/p><\/div>\n\n\n\n<div id=\"wp-block-themeisle-blocks-icon-list-item-44578d79\" class=\"wp-block-themeisle-blocks-icon-list-item\"><i class=\"fas fa-check wp-block-themeisle-blocks-icon-list-item-icon\"><\/i><p class=\"wp-block-themeisle-blocks-icon-list-item-content\">Endpoints que est\u00e3o sendo <strong>atendidos pela Central de Servi\u00e7os<\/strong><\/p><\/div>\n<\/div>\n\n\n\n<p>Essa vis\u00e3o \u00e9 especialmente \u00fatil para:<\/p>\n\n\n\n<div id=\"wp-block-themeisle-blocks-icon-list-e880b30d\" class=\"wp-block-themeisle-blocks-icon-list\">\n<div id=\"wp-block-themeisle-blocks-icon-list-item-fa7f2561\" class=\"wp-block-themeisle-blocks-icon-list-item\"><i class=\"fas fa-check wp-block-themeisle-blocks-icon-list-item-icon\"><\/i><p class=\"wp-block-themeisle-blocks-icon-list-item-content\">Equipes de NOC, para facilitar o acompanhamento e tomada de decis\u00e3o imediata<\/p><\/div>\n\n\n\n<div id=\"wp-block-themeisle-blocks-icon-list-item-d213c8c1\" class=\"wp-block-themeisle-blocks-icon-list-item\"><i class=\"fas fa-check wp-block-themeisle-blocks-icon-list-item-icon\"><\/i><p class=\"wp-block-themeisle-blocks-icon-list-item-content\">Gestores de TI, para avaliar a criticidade do ambiente em tempo real<\/p><\/div>\n\n\n\n<div id=\"wp-block-themeisle-blocks-icon-list-item-adf040f0\" class=\"wp-block-themeisle-blocks-icon-list-item\"><i class=\"fas fa-check wp-block-themeisle-blocks-icon-list-item-icon\"><\/i><p class=\"wp-block-themeisle-blocks-icon-list-item-content\">Executivos, como um painel de status visual sobre a sa\u00fade do ambiente<\/p><\/div>\n<\/div>\n\n\n\n<div style=\"height:30px\" aria-hidden=\"true\" class=\"wp-block-spacer\"><\/div>\n\n\n\n<figure class=\"wp-block-image size-large\"><img loading=\"lazy\" decoding=\"async\" width=\"1024\" height=\"549\" src=\"https:\/\/anomalus.ai\/mais\/wp-content\/uploads\/2025\/11\/mapa_eventos_1-1024x549.png\" alt=\"\" class=\"wp-image-696\" srcset=\"https:\/\/anomalus.ai\/mais\/wp-content\/uploads\/2025\/11\/mapa_eventos_1-1024x549.png 1024w, https:\/\/anomalus.ai\/mais\/wp-content\/uploads\/2025\/11\/mapa_eventos_1-300x161.png 300w, https:\/\/anomalus.ai\/mais\/wp-content\/uploads\/2025\/11\/mapa_eventos_1-768x412.png 768w, https:\/\/anomalus.ai\/mais\/wp-content\/uploads\/2025\/11\/mapa_eventos_1-1536x824.png 1536w, https:\/\/anomalus.ai\/mais\/wp-content\/uploads\/2025\/11\/mapa_eventos_1-2048x1099.png 2048w\" sizes=\"auto, (max-width: 1024px) 100vw, 1024px\" \/><\/figure>\n<\/div>\n<\/div><\/div>\n\n\n\n<section id=\"wp-block-themeisle-blocks-advanced-columns-e600557e\" class=\"wp-block-themeisle-blocks-advanced-columns alignfull has-1-columns has-desktop-equal-layout has-tablet-equal-layout has-mobile-equal-layout has-vertical-unset has-vertical-undefined has-light-bg\"><div class=\"wp-block-themeisle-blocks-advanced-columns-overlay\"><\/div><div class=\"innerblocks-wrap\">\n<div id=\"wp-block-themeisle-blocks-advanced-column-8400a7b8\" class=\"wp-block-themeisle-blocks-advanced-column\">\n<section id=\"wp-block-themeisle-blocks-advanced-columns-ffec3fb6\" class=\"wp-block-themeisle-blocks-advanced-columns has-1-columns has-desktop-equal-layout has-tablet-equal-layout has-mobile-collapsedRows-layout has-vertical-flex-start\"><div class=\"wp-block-themeisle-blocks-advanced-columns-overlay\"><\/div><div class=\"innerblocks-wrap\">\n<div id=\"wp-block-themeisle-blocks-advanced-column-6b80165b\" class=\"wp-block-themeisle-blocks-advanced-column\">\n<div id=\"wp-block-themeisle-blocks-font-awesome-icons-ba67d976\" class=\"wp-block-themeisle-blocks-font-awesome-icons\"><span class=\"wp-block-themeisle-blocks-font-awesome-icons-container\"><i class=\"fas fa-cogs\"><\/i><\/span><\/div>\n\n\n\n<h3 class=\"wp-block-heading has-text-align-center\"><strong>Como <\/strong>funciona?<\/h3>\n\n\n\n<p>O painel permite visualizar todos os endpoints agrupados por <strong>clientes, unidades, ambientes ou projetos<\/strong> \u2014 conforme configura\u00e7\u00e3o feita nos Grupos de Endpoints.<\/p>\n\n\n\n<p>Cada <strong>\u00edcone<\/strong> representa um endpoint individual (servidores, firewalls, switches, VMs, etc.), e o <strong>estado visual<\/strong> dele (vermelho, laranja, amarelo, verde, interroga\u00e7\u00e3o, etc.) indica:<\/p>\n\n\n\n<ol class=\"wp-block-list\"><\/ol>\n\n\n\n<div id=\"wp-block-themeisle-blocks-icon-list-098d6941\" class=\"wp-block-themeisle-blocks-icon-list\">\n<div id=\"wp-block-themeisle-blocks-icon-list-item-0f0fe357\" class=\"wp-block-themeisle-blocks-icon-list-item\"><i class=\"fas fa-check wp-block-themeisle-blocks-icon-list-item-icon\"><\/i><p class=\"wp-block-themeisle-blocks-icon-list-item-content\">Exist\u00eancia de incidentes ou alertas de criticidade<\/p><\/div>\n\n\n\n<div id=\"wp-block-themeisle-blocks-icon-list-item-e92c00f4\" class=\"wp-block-themeisle-blocks-icon-list-item\"><i class=\"fas fa-check wp-block-themeisle-blocks-icon-list-item-icon\"><\/i><p class=\"wp-block-themeisle-blocks-icon-list-item-content\">Presen\u00e7a de anomalias detectadas pela IA<\/p><\/div>\n\n\n\n<div id=\"wp-block-themeisle-blocks-icon-list-item-556e7517\" class=\"wp-block-themeisle-blocks-icon-list-item\"><i class=\"fas fa-check wp-block-themeisle-blocks-icon-list-item-icon\"><\/i><p class=\"wp-block-themeisle-blocks-icon-list-item-content\">Indica\u00e7\u00e3o de endpoint em atendimento na Central de Servi\u00e7os<\/p><\/div>\n\n\n\n<div id=\"wp-block-themeisle-blocks-icon-list-item-2ba59ae0\" class=\"wp-block-themeisle-blocks-icon-list-item\"><i class=\"fas fa-check wp-block-themeisle-blocks-icon-list-item-icon\"><\/i><p class=\"wp-block-themeisle-blocks-icon-list-item-content\">Estado de sa\u00fade geral do equipamento<\/p><\/div>\n<\/div>\n\n\n\n<div style=\"height:52px\" aria-hidden=\"true\" class=\"wp-block-spacer\"><\/div>\n\n\n\n<figure class=\"wp-block-image size-large\"><img loading=\"lazy\" decoding=\"async\" width=\"1024\" height=\"476\" src=\"https:\/\/anomalus.ai\/mais\/wp-content\/uploads\/2025\/11\/mapa_eventos_2-1024x476.png\" alt=\"\" class=\"wp-image-698\" srcset=\"https:\/\/anomalus.ai\/mais\/wp-content\/uploads\/2025\/11\/mapa_eventos_2-1024x476.png 1024w, https:\/\/anomalus.ai\/mais\/wp-content\/uploads\/2025\/11\/mapa_eventos_2-300x140.png 300w, https:\/\/anomalus.ai\/mais\/wp-content\/uploads\/2025\/11\/mapa_eventos_2-768x357.png 768w, https:\/\/anomalus.ai\/mais\/wp-content\/uploads\/2025\/11\/mapa_eventos_2-1536x714.png 1536w, https:\/\/anomalus.ai\/mais\/wp-content\/uploads\/2025\/11\/mapa_eventos_2-2048x953.png 2048w\" sizes=\"auto, (max-width: 1024px) 100vw, 1024px\" \/><\/figure>\n<\/div>\n<\/div><\/section>\n\n\n\n<section id=\"wp-block-themeisle-blocks-advanced-columns-623161f9\" class=\"wp-block-themeisle-blocks-advanced-columns has-1-columns has-desktop-equal-layout has-tablet-equal-layout has-mobile-collapsedRows-layout has-vertical-flex-start\"><div class=\"wp-block-themeisle-blocks-advanced-columns-overlay\"><\/div><div class=\"innerblocks-wrap\">\n<div id=\"wp-block-themeisle-blocks-advanced-column-ab83c213\" class=\"wp-block-themeisle-blocks-advanced-column\">\n<div id=\"wp-block-themeisle-blocks-font-awesome-icons-3c602f42\" class=\"wp-block-themeisle-blocks-font-awesome-icons\"><span class=\"wp-block-themeisle-blocks-font-awesome-icons-container\"><i class=\"fas fa-chart-bar\"><\/i><\/span><\/div>\n\n\n\n<h3 class=\"wp-block-heading has-text-align-center\"><strong>Principais <\/strong>Recursos<\/h3>\n\n\n\n<div id=\"wp-block-themeisle-blocks-icon-list-c5ad329b\" class=\"wp-block-themeisle-blocks-icon-list\">\n<div id=\"wp-block-themeisle-blocks-icon-list-item-1c4ac091\" class=\"wp-block-themeisle-blocks-icon-list-item\"><i class=\"fas fa-check wp-block-themeisle-blocks-icon-list-item-icon\"><\/i><p class=\"wp-block-themeisle-blocks-icon-list-item-content\"><strong>Visualiza\u00e7\u00e3o por grupos ou ambientes monitorados<\/strong><\/p><\/div>\n\n\n\n<div id=\"wp-block-themeisle-blocks-icon-list-item-76534bd4\" class=\"wp-block-themeisle-blocks-icon-list-item\"><i class=\"fas fa-check wp-block-themeisle-blocks-icon-list-item-icon\"><\/i><p class=\"wp-block-themeisle-blocks-icon-list-item-content\"><strong>Rota\u00e7\u00e3o autom\u00e1tica<\/strong> das vis\u00f5es (ideal para pain\u00e9is grandes de monitoramento cont\u00ednuo)<\/p><\/div>\n\n\n\n<div id=\"wp-block-themeisle-blocks-icon-list-item-9623f4fe\" class=\"wp-block-themeisle-blocks-icon-list-item\"><i class=\"fas fa-check wp-block-themeisle-blocks-icon-list-item-icon\"><\/i><p class=\"wp-block-themeisle-blocks-icon-list-item-content\">Filtros por <strong>criticidade do evento<\/strong> (desastre, alta, m\u00e9dia, avisos)<\/p><\/div>\n\n\n\n<div id=\"wp-block-themeisle-blocks-icon-list-item-57c39df0\" class=\"wp-block-themeisle-blocks-icon-list-item\"><i class=\"fas fa-check wp-block-themeisle-blocks-icon-list-item-icon\"><\/i><p class=\"wp-block-themeisle-blocks-icon-list-item-content\">Filtros por <strong>tempo de ocorr\u00eancia<\/strong> dos eventos<\/p><\/div>\n\n\n\n<div id=\"wp-block-themeisle-blocks-icon-list-item-c373c6cb\" class=\"wp-block-themeisle-blocks-icon-list-item\"><i class=\"fas fa-check wp-block-themeisle-blocks-icon-list-item-icon\"><\/i><p class=\"wp-block-themeisle-blocks-icon-list-item-content\">Bot\u00e3o de altern\u00e2ncia para <strong>visualiza\u00e7\u00e3o em tabela<\/strong><\/p><\/div>\n\n\n\n<div id=\"wp-block-themeisle-blocks-icon-list-item-bfb82531\" class=\"wp-block-themeisle-blocks-icon-list-item\"><i class=\"fas fa-check wp-block-themeisle-blocks-icon-list-item-icon\"><\/i><p class=\"wp-block-themeisle-blocks-icon-list-item-content\">\u00cdcones de alerta altamente visuais que permitem r\u00e1pida identifica\u00e7\u00e3o de problemas<\/p><\/div>\n<\/div>\n\n\n\n<div style=\"height:57px\" aria-hidden=\"true\" class=\"wp-block-spacer\"><\/div>\n\n\n\n<figure class=\"wp-block-image size-large\"><img loading=\"lazy\" decoding=\"async\" width=\"1024\" height=\"525\" src=\"https:\/\/anomalus.ai\/mais\/wp-content\/uploads\/2025\/11\/grupo_endpoints_2-1-1024x525.png\" alt=\"\" class=\"wp-image-699\" srcset=\"https:\/\/anomalus.ai\/mais\/wp-content\/uploads\/2025\/11\/grupo_endpoints_2-1-1024x525.png 1024w, https:\/\/anomalus.ai\/mais\/wp-content\/uploads\/2025\/11\/grupo_endpoints_2-1-300x154.png 300w, https:\/\/anomalus.ai\/mais\/wp-content\/uploads\/2025\/11\/grupo_endpoints_2-1-768x394.png 768w, https:\/\/anomalus.ai\/mais\/wp-content\/uploads\/2025\/11\/grupo_endpoints_2-1-1536x787.png 1536w, https:\/\/anomalus.ai\/mais\/wp-content\/uploads\/2025\/11\/grupo_endpoints_2-1-2048x1049.png 2048w\" sizes=\"auto, (max-width: 1024px) 100vw, 1024px\" \/><\/figure>\n<\/div>\n<\/div><\/section>\n\n\n\n<section id=\"wp-block-themeisle-blocks-advanced-columns-3073b1bb\" class=\"wp-block-themeisle-blocks-advanced-columns has-1-columns has-desktop-equal-layout has-tablet-equal-layout has-mobile-collapsedRows-layout has-vertical-flex-start\"><div class=\"wp-block-themeisle-blocks-advanced-columns-overlay\"><\/div><div class=\"innerblocks-wrap\">\n<div id=\"wp-block-themeisle-blocks-advanced-column-5ecde0b9\" class=\"wp-block-themeisle-blocks-advanced-column\">\n<div id=\"wp-block-themeisle-blocks-font-awesome-icons-8a478e0c\" class=\"wp-block-themeisle-blocks-font-awesome-icons\"><span class=\"wp-block-themeisle-blocks-font-awesome-icons-container\"><i class=\"fas fa-map\"><\/i><\/span><\/div>\n\n\n\n<h3 class=\"wp-block-heading has-text-align-center\"><br>Benef\u00edcios do Mapa<strong> de Eventos<\/strong><\/h3>\n\n\n\n<div id=\"wp-block-themeisle-blocks-icon-list-f9f451cc\" class=\"wp-block-themeisle-blocks-icon-list\">\n<div id=\"wp-block-themeisle-blocks-icon-list-item-b6bbab02\" class=\"wp-block-themeisle-blocks-icon-list-item\"><i class=\"fas fa-check wp-block-themeisle-blocks-icon-list-item-icon\"><\/i><p class=\"wp-block-themeisle-blocks-icon-list-item-content\"><strong>Resposta imediata:<\/strong> ideal para o uso em pain\u00e9is de TV do NOC, permitindo visibilidade instant\u00e2nea dos problemas<\/p><\/div>\n\n\n\n<div id=\"wp-block-themeisle-blocks-icon-list-item-e6589cd9\" class=\"wp-block-themeisle-blocks-icon-list-item\"><i class=\"fas fa-check wp-block-themeisle-blocks-icon-list-item-icon\"><\/i><p class=\"wp-block-themeisle-blocks-icon-list-item-content\"><strong>Prioriza\u00e7\u00e3o visual:<\/strong> os alertas s\u00e3o destacados por cor e categoria, facilitando a triagem<\/p><\/div>\n\n\n\n<div id=\"wp-block-themeisle-blocks-icon-list-item-13289fde\" class=\"wp-block-themeisle-blocks-icon-list-item\"><i class=\"fas fa-check wp-block-themeisle-blocks-icon-list-item-icon\"><\/i><p class=\"wp-block-themeisle-blocks-icon-list-item-content\"><strong>Acompanhamento ao vivo:<\/strong> o painel se atualiza automaticamente com base nas informa\u00e7\u00f5es em tempo real<\/p><\/div>\n\n\n\n<div id=\"wp-block-themeisle-blocks-icon-list-item-b483d7cb\" class=\"wp-block-themeisle-blocks-icon-list-item\"><i class=\"fas fa-check wp-block-themeisle-blocks-icon-list-item-icon\"><\/i><p class=\"wp-block-themeisle-blocks-icon-list-item-content\"><strong>Contexto unificado:<\/strong> agrupa e correlaciona informa\u00e7\u00f5es de incidentes, anomalias e atendimentos em um \u00fanico lugar<\/p><\/div>\n\n\n\n<div id=\"wp-block-themeisle-blocks-icon-list-item-8272cac2\" class=\"wp-block-themeisle-blocks-icon-list-item\"><i class=\"fas fa-check wp-block-themeisle-blocks-icon-list-item-icon\"><\/i><p class=\"wp-block-themeisle-blocks-icon-list-item-content\"><strong>Redu\u00e7\u00e3o do tempo de rea\u00e7\u00e3o:<\/strong> acelera a identifica\u00e7\u00e3o e atua\u00e7\u00e3o sobre eventos cr\u00edticos<\/p><\/div>\n<\/div>\n<\/div>\n<\/div><\/section>\n<\/div>\n<\/div><\/section>\n","protected":false},"excerpt":{"rendered":"","protected":false},"author":1,"featured_media":0,"parent":0,"menu_order":0,"comment_status":"closed","ping_status":"closed","template":"page-templates\/template-pagebuilder-full-width.php","meta":{"neve_meta_sidebar":"full-width","neve_meta_container":"","neve_meta_enable_content_width":"on","neve_meta_content_width":100,"neve_meta_title_alignment":"","neve_meta_author_avatar":"","neve_post_elements_order":"","neve_meta_disable_header":"","neve_meta_disable_footer":"","neve_meta_disable_title":"","_themeisle_gutenberg_block_has_review":false,"footnotes":""},"class_list":["post-694","page","type-page","status-publish","hentry"],"_links":{"self":[{"href":"https:\/\/anomalus.ai\/mais\/wp-json\/wp\/v2\/pages\/694","targetHints":{"allow":["GET"]}}],"collection":[{"href":"https:\/\/anomalus.ai\/mais\/wp-json\/wp\/v2\/pages"}],"about":[{"href":"https:\/\/anomalus.ai\/mais\/wp-json\/wp\/v2\/types\/page"}],"author":[{"embeddable":true,"href":"https:\/\/anomalus.ai\/mais\/wp-json\/wp\/v2\/users\/1"}],"replies":[{"embeddable":true,"href":"https:\/\/anomalus.ai\/mais\/wp-json\/wp\/v2\/comments?post=694"}],"version-history":[{"count":4,"href":"https:\/\/anomalus.ai\/mais\/wp-json\/wp\/v2\/pages\/694\/revisions"}],"predecessor-version":[{"id":702,"href":"https:\/\/anomalus.ai\/mais\/wp-json\/wp\/v2\/pages\/694\/revisions\/702"}],"wp:attachment":[{"href":"https:\/\/anomalus.ai\/mais\/wp-json\/wp\/v2\/media?parent=694"}],"curies":[{"name":"wp","href":"https:\/\/api.w.org\/{rel}","templated":true}]}}