{"id":684,"date":"2025-11-07T10:46:55","date_gmt":"2025-11-07T13:46:55","guid":{"rendered":"https:\/\/anomalus.ai\/mais\/?page_id=684"},"modified":"2025-11-07T11:02:12","modified_gmt":"2025-11-07T14:02:12","slug":"agrupamentos-de-endpoints","status":"publish","type":"page","link":"https:\/\/anomalus.ai\/mais\/agrupamentos-de-endpoints\/","title":{"rendered":"Agrupamentos de Endpoints"},"content":{"rendered":"\n<div id=\"wp-block-themeisle-blocks-advanced-columns-71126027\" class=\"wp-block-themeisle-blocks-advanced-columns alignfull has-1-columns has-desktop-equal-layout has-tablet-equal-layout has-mobile-equal-layout has-vertical-center has-dark-bg\"><div class=\"wp-block-themeisle-blocks-advanced-columns-overlay\"><\/div><div class=\"innerblocks-wrap\">\n<div id=\"wp-block-themeisle-blocks-advanced-column-3173e8ac\" class=\"wp-block-themeisle-blocks-advanced-column\">\n<h1 class=\"wp-block-heading has-text-align-center has-nv-text-dark-bg-color has-text-color\">Agrupamentos de Endpoints<\/h1>\n<\/div>\n<\/div><\/div>\n\n\n\n<div id=\"wp-block-themeisle-blocks-advanced-columns-05a9f139\" class=\"wp-block-themeisle-blocks-advanced-columns alignfull has-1-columns has-desktop-equal-layout has-tablet-equal-layout has-mobile-collapsedRows-layout has-vertical-center ticss-7c3b5c80 has-light-bg\"><div class=\"wp-block-themeisle-blocks-advanced-columns-overlay\"><\/div><div class=\"innerblocks-wrap\">\n<div id=\"wp-block-themeisle-blocks-advanced-column-ab343fda\" class=\"wp-block-themeisle-blocks-advanced-column\">\n<p><br>Ambientes de TI modernos s\u00e3o compostos por diversos equipamentos com finalidades distintas e localiza\u00e7\u00f5es geograficamente distribu\u00eddas. \u00c0 medida que o volume de ativos cresce, aumenta tamb\u00e9m a complexidade de gerenciar e correlacionar informa\u00e7\u00f5es relevantes entre esses dispositivos.<\/p>\n\n\n\n<p>Pensando nisso, o Anomalus oferece o <strong>M\u00f3dulo de Grupo de Endpoints<\/strong>, criado para organizar a visualiza\u00e7\u00e3o de forma mais segmentada e estrat\u00e9gica. Esse agrupamento facilita tanto a gest\u00e3o operacional quanto a vis\u00e3o t\u00e1tica e executiva, permitindo que os dados coletados fa\u00e7am mais sentido dentro da estrutura e din\u00e2mica do neg\u00f3cio.<\/p>\n\n\n\n<div style=\"height:30px\" aria-hidden=\"true\" class=\"wp-block-spacer\"><\/div>\n\n\n\n<figure class=\"wp-block-image size-large\"><img loading=\"lazy\" decoding=\"async\" width=\"1024\" height=\"534\" src=\"https:\/\/anomalus.ai\/mais\/wp-content\/uploads\/2025\/11\/grupo_endpoints_1-1024x534.png\" alt=\"\" class=\"wp-image-687\" srcset=\"https:\/\/anomalus.ai\/mais\/wp-content\/uploads\/2025\/11\/grupo_endpoints_1-1024x534.png 1024w, https:\/\/anomalus.ai\/mais\/wp-content\/uploads\/2025\/11\/grupo_endpoints_1-300x156.png 300w, https:\/\/anomalus.ai\/mais\/wp-content\/uploads\/2025\/11\/grupo_endpoints_1-768x400.png 768w, https:\/\/anomalus.ai\/mais\/wp-content\/uploads\/2025\/11\/grupo_endpoints_1-1536x801.png 1536w, https:\/\/anomalus.ai\/mais\/wp-content\/uploads\/2025\/11\/grupo_endpoints_1-2048x1067.png 2048w\" sizes=\"auto, (max-width: 1024px) 100vw, 1024px\" \/><\/figure>\n\n\n\n<div style=\"height:33px\" aria-hidden=\"true\" class=\"wp-block-spacer\"><\/div>\n\n\n\n<p>O objetivo do m\u00f3dulo \u00e9 possibilitar o <strong>agrupamento l\u00f3gico e funcional dos endpoints monitorados<\/strong>, permitindo an\u00e1lises mais claras, identifica\u00e7\u00e3o de comportamentos em conjunto e extra\u00e7\u00e3o de insights relevantes de forma segmentada.<\/p>\n\n\n\n<p>Com ele, o usu\u00e1rio pode criar grupos baseados em crit\u00e9rios como:<\/p>\n\n\n\n<div id=\"wp-block-themeisle-blocks-icon-list-134e17f3\" class=\"wp-block-themeisle-blocks-icon-list\">\n<div id=\"wp-block-themeisle-blocks-icon-list-item-e2966b0f\" class=\"wp-block-themeisle-blocks-icon-list-item\"><i class=\"fas fa-check wp-block-themeisle-blocks-icon-list-item-icon\"><\/i><p class=\"wp-block-themeisle-blocks-icon-list-item-content\">Finalidade do equipamento (Ex: proxies, servidores de banco, controladores de dom\u00ednio)<\/p><\/div>\n\n\n\n<div id=\"wp-block-themeisle-blocks-icon-list-item-5aa19d27\" class=\"wp-block-themeisle-blocks-icon-list-item\"><i class=\"fas fa-check wp-block-themeisle-blocks-icon-list-item-icon\"><\/i><p class=\"wp-block-themeisle-blocks-icon-list-item-content\">Localiza\u00e7\u00e3o f\u00edsica (Ex: matriz, filiais, unidades de atendimento)<\/p><\/div>\n\n\n\n<div id=\"wp-block-themeisle-blocks-icon-list-item-a9de8e83\" class=\"wp-block-themeisle-blocks-icon-list-item\"><i class=\"fas fa-check wp-block-themeisle-blocks-icon-list-item-icon\"><\/i><p class=\"wp-block-themeisle-blocks-icon-list-item-content\">Responsabilidade administrativa (Ex: por setor, por contrato, por cliente)<\/p><\/div>\n<\/div>\n\n\n\n<p><br>A partir desses grupos, o Anomalus entrega <strong>m\u00e9tricas agregadas<\/strong>, <strong>vis\u00f5es consolidadas<\/strong> e <strong>dashboards inteligentes<\/strong> que tornam o acompanhamento mais intuitivo, al\u00e9m de facilitar a <strong>delega\u00e7\u00e3o de responsabilidades t\u00e9cnicas<\/strong> e a <strong>visualiza\u00e7\u00e3o executiva<\/strong>.<\/p>\n<\/div>\n<\/div><\/div>\n\n\n\n<section id=\"wp-block-themeisle-blocks-advanced-columns-e600557e\" class=\"wp-block-themeisle-blocks-advanced-columns alignfull has-1-columns has-desktop-equal-layout has-tablet-equal-layout has-mobile-equal-layout has-vertical-unset has-vertical-undefined has-light-bg\"><div class=\"wp-block-themeisle-blocks-advanced-columns-overlay\"><\/div><div class=\"innerblocks-wrap\">\n<div id=\"wp-block-themeisle-blocks-advanced-column-8400a7b8\" class=\"wp-block-themeisle-blocks-advanced-column\">\n<section id=\"wp-block-themeisle-blocks-advanced-columns-623161f9\" class=\"wp-block-themeisle-blocks-advanced-columns has-1-columns has-desktop-equal-layout has-tablet-equal-layout has-mobile-collapsedRows-layout has-vertical-flex-start\"><div class=\"wp-block-themeisle-blocks-advanced-columns-overlay\"><\/div><div class=\"innerblocks-wrap\">\n<div id=\"wp-block-themeisle-blocks-advanced-column-ab83c213\" class=\"wp-block-themeisle-blocks-advanced-column\">\n<div id=\"wp-block-themeisle-blocks-font-awesome-icons-3c602f42\" class=\"wp-block-themeisle-blocks-font-awesome-icons\"><span class=\"wp-block-themeisle-blocks-font-awesome-icons-container\"><i class=\"fas fa-eye\"><\/i><\/span><\/div>\n\n\n\n<h3 class=\"wp-block-heading has-text-align-center\"><br>Vis\u00e3o Consolidada<strong> de Ambientes<\/strong><\/h3>\n\n\n\n<p>Cada grupo criado dentro da plataforma oferece uma <strong>vis\u00e3o \u00fanica e centralizada<\/strong> de seus respectivos endpoints. Isso permite, por exemplo:<\/p>\n\n\n\n<div id=\"wp-block-themeisle-blocks-icon-list-c5ad329b\" class=\"wp-block-themeisle-blocks-icon-list\">\n<div id=\"wp-block-themeisle-blocks-icon-list-item-1c4ac091\" class=\"wp-block-themeisle-blocks-icon-list-item\"><i class=\"fas fa-check wp-block-themeisle-blocks-icon-list-item-icon\"><\/i><p class=\"wp-block-themeisle-blocks-icon-list-item-content\">Comparar n\u00edveis de utiliza\u00e7\u00e3o e sa\u00fade entre departamentos<\/p><\/div>\n\n\n\n<div id=\"wp-block-themeisle-blocks-icon-list-item-76534bd4\" class=\"wp-block-themeisle-blocks-icon-list-item\"><i class=\"fas fa-check wp-block-themeisle-blocks-icon-list-item-icon\"><\/i><p class=\"wp-block-themeisle-blocks-icon-list-item-content\">Visualizar gargalos espec\u00edficos em uma filial ou segmento de servi\u00e7o<\/p><\/div>\n\n\n\n<div id=\"wp-block-themeisle-blocks-icon-list-item-9623f4fe\" class=\"wp-block-themeisle-blocks-icon-list-item\"><i class=\"fas fa-check wp-block-themeisle-blocks-icon-list-item-icon\"><\/i><p class=\"wp-block-themeisle-blocks-icon-list-item-content\">Agrupar dispositivos cr\u00edticos para relat\u00f3rios de alta gest\u00e3o<\/p><\/div>\n<\/div>\n\n\n\n<div style=\"height:57px\" aria-hidden=\"true\" class=\"wp-block-spacer\"><\/div>\n\n\n\n<figure class=\"wp-block-image size-large\"><img loading=\"lazy\" decoding=\"async\" width=\"1024\" height=\"525\" src=\"https:\/\/anomalus.ai\/mais\/wp-content\/uploads\/2025\/11\/grupo_endpoints_2-1024x525.png\" alt=\"\" class=\"wp-image-690\" srcset=\"https:\/\/anomalus.ai\/mais\/wp-content\/uploads\/2025\/11\/grupo_endpoints_2-1024x525.png 1024w, https:\/\/anomalus.ai\/mais\/wp-content\/uploads\/2025\/11\/grupo_endpoints_2-300x154.png 300w, https:\/\/anomalus.ai\/mais\/wp-content\/uploads\/2025\/11\/grupo_endpoints_2-768x394.png 768w, https:\/\/anomalus.ai\/mais\/wp-content\/uploads\/2025\/11\/grupo_endpoints_2-1536x787.png 1536w, https:\/\/anomalus.ai\/mais\/wp-content\/uploads\/2025\/11\/grupo_endpoints_2-2048x1049.png 2048w\" sizes=\"auto, (max-width: 1024px) 100vw, 1024px\" \/><\/figure>\n<\/div>\n<\/div><\/section>\n\n\n\n<section id=\"wp-block-themeisle-blocks-advanced-columns-ffec3fb6\" class=\"wp-block-themeisle-blocks-advanced-columns has-1-columns has-desktop-equal-layout has-tablet-equal-layout has-mobile-collapsedRows-layout has-vertical-flex-start\"><div class=\"wp-block-themeisle-blocks-advanced-columns-overlay\"><\/div><div class=\"innerblocks-wrap\">\n<div id=\"wp-block-themeisle-blocks-advanced-column-6b80165b\" class=\"wp-block-themeisle-blocks-advanced-column\">\n<div id=\"wp-block-themeisle-blocks-font-awesome-icons-ba67d976\" class=\"wp-block-themeisle-blocks-font-awesome-icons\"><span class=\"wp-block-themeisle-blocks-font-awesome-icons-container\"><i class=\"fas fa-chart-area\"><\/i><\/span><\/div>\n\n\n\n<h3 class=\"wp-block-heading has-text-align-center\"><br>Indicadores Inteligentes<strong> por Grupo<\/strong><\/h3>\n\n\n\n<p>Cada painel de grupo de endpoints exibe:<\/p>\n\n\n\n<ol class=\"wp-block-list\"><\/ol>\n\n\n\n<div id=\"wp-block-themeisle-blocks-icon-list-098d6941\" class=\"wp-block-themeisle-blocks-icon-list\">\n<div id=\"wp-block-themeisle-blocks-icon-list-item-0f0fe357\" class=\"wp-block-themeisle-blocks-icon-list-item\"><i class=\"fas fa-check wp-block-themeisle-blocks-icon-list-item-icon\"><\/i><p class=\"wp-block-themeisle-blocks-icon-list-item-content\"><strong>M\u00e9dias de uso de CPU, Mem\u00f3ria e Armazenamento<\/strong>, com comparativos por:<\/p><\/div>\n\n\n\n<div id=\"wp-block-themeisle-blocks-icon-list-item-e92c00f4\" class=\"wp-block-themeisle-blocks-icon-list-item\"><i class=\"fas fa-angle-right wp-block-themeisle-blocks-icon-list-item-icon-custom\"><\/i><p class=\"wp-block-themeisle-blocks-icon-list-item-content\">\u00daltimas 24h<\/p><\/div>\n\n\n\n<div id=\"wp-block-themeisle-blocks-icon-list-item-5f3bf958\" class=\"wp-block-themeisle-blocks-icon-list-item\"><i class=\"fas fa-angle-right wp-block-themeisle-blocks-icon-list-item-icon-custom\"><\/i><p class=\"wp-block-themeisle-blocks-icon-list-item-content\">\u00daltima semana<\/p><\/div>\n\n\n\n<div id=\"wp-block-themeisle-blocks-icon-list-item-98c6f407\" class=\"wp-block-themeisle-blocks-icon-list-item\"><i class=\"fas fa-angle-right wp-block-themeisle-blocks-icon-list-item-icon-custom\"><\/i><p class=\"wp-block-themeisle-blocks-icon-list-item-content\">\u00daltimo m\u00eas<\/p><\/div>\n\n\n\n<div id=\"wp-block-themeisle-blocks-icon-list-item-4ee423f3\" class=\"wp-block-themeisle-blocks-icon-list-item\"><i class=\"fas fa-angle-right wp-block-themeisle-blocks-icon-list-item-icon-custom\"><\/i><p class=\"wp-block-themeisle-blocks-icon-list-item-content\">\u00daltimo ano<\/p><\/div>\n\n\n\n<div id=\"wp-block-themeisle-blocks-icon-list-item-556e7517\" class=\"wp-block-themeisle-blocks-icon-list-item\"><i class=\"fas fa-check wp-block-themeisle-blocks-icon-list-item-icon\"><\/i><p class=\"wp-block-themeisle-blocks-icon-list-item-content\"><strong>Quantidade de anomalias e incidentes ativos e encerrados<\/strong><\/p><\/div>\n\n\n\n<div id=\"wp-block-themeisle-blocks-icon-list-item-83dc46fb\" class=\"wp-block-themeisle-blocks-icon-list-item\"><i class=\"fas fa-check wp-block-themeisle-blocks-icon-list-item-icon\"><\/i><p class=\"wp-block-themeisle-blocks-icon-list-item-content\"><strong>N\u00edvel de disponibilidade geral dos ativos<\/strong><\/p><\/div>\n\n\n\n<div id=\"wp-block-themeisle-blocks-icon-list-item-811b012a\" class=\"wp-block-themeisle-blocks-icon-list-item\"><i class=\"fas fa-check wp-block-themeisle-blocks-icon-list-item-icon\"><\/i><p class=\"wp-block-themeisle-blocks-icon-list-item-content\"><strong>Volume de tr\u00e1fego de rede<\/strong>, itens monitorados e outras m\u00e9tricas relevantes<\/p><\/div>\n<\/div>\n\n\n\n<p>Esses dados s\u00e3o organizados automaticamente pela IA do Anomalus e apresentados de forma visual e intuitiva.<\/p>\n<\/div>\n<\/div><\/section>\n\n\n\n<section id=\"wp-block-themeisle-blocks-advanced-columns-3073b1bb\" class=\"wp-block-themeisle-blocks-advanced-columns has-1-columns has-desktop-equal-layout has-tablet-equal-layout has-mobile-collapsedRows-layout has-vertical-flex-start\"><div class=\"wp-block-themeisle-blocks-advanced-columns-overlay\"><\/div><div class=\"innerblocks-wrap\">\n<div id=\"wp-block-themeisle-blocks-advanced-column-5ecde0b9\" class=\"wp-block-themeisle-blocks-advanced-column\">\n<div id=\"wp-block-themeisle-blocks-font-awesome-icons-8a478e0c\" class=\"wp-block-themeisle-blocks-font-awesome-icons\"><span class=\"wp-block-themeisle-blocks-font-awesome-icons-container\"><i class=\"fas fa-binoculars\"><\/i><\/span><\/div>\n\n\n\n<h3 class=\"wp-block-heading has-text-align-center\"><strong>Monitoramento Segmentado com Filtros Inteligentes<\/strong><\/h3>\n\n\n\n<p>O gestor pode rapidamente:<\/p>\n\n\n\n<p>Tudo isso em tempo real e com filtros por per\u00edodo.<\/p>\n<\/div>\n<\/div><\/section>\n\n\n\n<section id=\"wp-block-themeisle-blocks-advanced-columns-a4da10a5\" class=\"wp-block-themeisle-blocks-advanced-columns has-1-columns has-desktop-equal-layout has-tablet-equal-layout has-mobile-collapsedRows-layout has-vertical-flex-start\"><div class=\"wp-block-themeisle-blocks-advanced-columns-overlay\"><\/div><div class=\"innerblocks-wrap\">\n<div id=\"wp-block-themeisle-blocks-advanced-column-8d8f4b44\" class=\"wp-block-themeisle-blocks-advanced-column\">\n<div id=\"wp-block-themeisle-blocks-font-awesome-icons-74908cce\" class=\"wp-block-themeisle-blocks-font-awesome-icons\"><span class=\"wp-block-themeisle-blocks-font-awesome-icons-container\"><i class=\"fas fa-smile\"><\/i><\/span><\/div>\n\n\n\n<h3 class=\"wp-block-heading has-text-align-center\">Benef\u00edcios<strong> do M\u00f3dulo<\/strong><\/h3>\n\n\n\n<div id=\"wp-block-themeisle-blocks-icon-list-f9f451cc\" class=\"wp-block-themeisle-blocks-icon-list\">\n<div id=\"wp-block-themeisle-blocks-icon-list-item-b6bbab02\" class=\"wp-block-themeisle-blocks-icon-list-item\"><i class=\"fas fa-check wp-block-themeisle-blocks-icon-list-item-icon\"><\/i><p class=\"wp-block-themeisle-blocks-icon-list-item-content\">Organiza\u00e7\u00e3o l\u00f3gica da infraestrutura monitorada<\/p><\/div>\n\n\n\n<div id=\"wp-block-themeisle-blocks-icon-list-item-e6589cd9\" class=\"wp-block-themeisle-blocks-icon-list-item\"><i class=\"fas fa-check wp-block-themeisle-blocks-icon-list-item-icon\"><\/i><p class=\"wp-block-themeisle-blocks-icon-list-item-content\">Indicadores consolidados por grupos funcionais<\/p><\/div>\n\n\n\n<div id=\"wp-block-themeisle-blocks-icon-list-item-13289fde\" class=\"wp-block-themeisle-blocks-icon-list-item\"><i class=\"fas fa-check wp-block-themeisle-blocks-icon-list-item-icon\"><\/i><p class=\"wp-block-themeisle-blocks-icon-list-item-content\">Identifica\u00e7\u00e3o facilitada de desvios, gargalos e tend\u00eancias<\/p><\/div>\n\n\n\n<div id=\"wp-block-themeisle-blocks-icon-list-item-b483d7cb\" class=\"wp-block-themeisle-blocks-icon-list-item\"><i class=\"fas fa-check wp-block-themeisle-blocks-icon-list-item-icon\"><\/i><p class=\"wp-block-themeisle-blocks-icon-list-item-content\">Apoio \u00e0 delega\u00e7\u00e3o de responsabilidades por setor<\/p><\/div>\n\n\n\n<div id=\"wp-block-themeisle-blocks-icon-list-item-8272cac2\" class=\"wp-block-themeisle-blocks-icon-list-item\"><i class=\"fas fa-check wp-block-themeisle-blocks-icon-list-item-icon\"><\/i><p class=\"wp-block-themeisle-blocks-icon-list-item-content\">Vis\u00e3o executiva e t\u00e9cnica com dashboards espec\u00edficos<\/p><\/div>\n\n\n\n<div id=\"wp-block-themeisle-blocks-icon-list-item-5ded123a\" class=\"wp-block-themeisle-blocks-icon-list-item\"><i class=\"fas fa-check wp-block-themeisle-blocks-icon-list-item-icon\"><\/i><p class=\"wp-block-themeisle-blocks-icon-list-item-content\">Gera\u00e7\u00e3o de relat\u00f3rios por grupo de equipamentos<\/p><\/div>\n<\/div>\n<\/div>\n<\/div><\/section>\n<\/div>\n<\/div><\/section>\n","protected":false},"excerpt":{"rendered":"","protected":false},"author":1,"featured_media":0,"parent":0,"menu_order":0,"comment_status":"closed","ping_status":"closed","template":"page-templates\/template-pagebuilder-full-width.php","meta":{"neve_meta_sidebar":"full-width","neve_meta_container":"","neve_meta_enable_content_width":"on","neve_meta_content_width":100,"neve_meta_title_alignment":"","neve_meta_author_avatar":"","neve_post_elements_order":"","neve_meta_disable_header":"","neve_meta_disable_footer":"","neve_meta_disable_title":"","_themeisle_gutenberg_block_has_review":false,"footnotes":""},"class_list":["post-684","page","type-page","status-publish","hentry"],"_links":{"self":[{"href":"https:\/\/anomalus.ai\/mais\/wp-json\/wp\/v2\/pages\/684","targetHints":{"allow":["GET"]}}],"collection":[{"href":"https:\/\/anomalus.ai\/mais\/wp-json\/wp\/v2\/pages"}],"about":[{"href":"https:\/\/anomalus.ai\/mais\/wp-json\/wp\/v2\/types\/page"}],"author":[{"embeddable":true,"href":"https:\/\/anomalus.ai\/mais\/wp-json\/wp\/v2\/users\/1"}],"replies":[{"embeddable":true,"href":"https:\/\/anomalus.ai\/mais\/wp-json\/wp\/v2\/comments?post=684"}],"version-history":[{"count":3,"href":"https:\/\/anomalus.ai\/mais\/wp-json\/wp\/v2\/pages\/684\/revisions"}],"predecessor-version":[{"id":693,"href":"https:\/\/anomalus.ai\/mais\/wp-json\/wp\/v2\/pages\/684\/revisions\/693"}],"wp:attachment":[{"href":"https:\/\/anomalus.ai\/mais\/wp-json\/wp\/v2\/media?parent=684"}],"curies":[{"name":"wp","href":"https:\/\/api.w.org\/{rel}","templated":true}]}}