{"id":671,"date":"2025-10-27T17:19:00","date_gmt":"2025-10-27T20:19:00","guid":{"rendered":"https:\/\/anomalus.ai\/mais\/?page_id=671"},"modified":"2025-10-27T18:18:36","modified_gmt":"2025-10-27T21:18:36","slug":"zabbix","status":"publish","type":"page","link":"https:\/\/anomalus.ai\/mais\/zabbix\/","title":{"rendered":"Zabbix"},"content":{"rendered":"\n<div id=\"wp-block-themeisle-blocks-advanced-columns-71126027\" class=\"wp-block-themeisle-blocks-advanced-columns alignfull has-1-columns has-desktop-equal-layout has-tablet-equal-layout has-mobile-equal-layout has-vertical-center has-dark-bg\"><div class=\"wp-block-themeisle-blocks-advanced-columns-overlay\"><\/div><div class=\"innerblocks-wrap\">\n<div id=\"wp-block-themeisle-blocks-advanced-column-3173e8ac\" class=\"wp-block-themeisle-blocks-advanced-column\">\n<h1 class=\"wp-block-heading has-text-align-center has-nv-text-dark-bg-color has-text-color\">Zabbix<\/h1>\n<\/div>\n<\/div><\/div>\n\n\n\n<div id=\"wp-block-themeisle-blocks-advanced-columns-05a9f139\" class=\"wp-block-themeisle-blocks-advanced-columns alignfull has-1-columns has-desktop-equal-layout has-tablet-equal-layout has-mobile-collapsedRows-layout has-vertical-center ticss-7c3b5c80 has-light-bg\"><div class=\"wp-block-themeisle-blocks-advanced-columns-overlay\"><\/div><div class=\"innerblocks-wrap\">\n<div id=\"wp-block-themeisle-blocks-advanced-column-ab343fda\" class=\"wp-block-themeisle-blocks-advanced-column\">\n<p><br>O m\u00f3dulo <strong>ZABBIX<\/strong> do Anomalus foi projetado para transformar os dados brutos de alertas do Zabbix em <strong>informa\u00e7\u00f5es organizadas, visuais e acion\u00e1veis<\/strong>. Em vez de depender exclusivamente das telas padr\u00e3o do Zabbix, que muitas vezes exigem interpreta\u00e7\u00e3o t\u00e9cnica e navega\u00e7\u00e3o complexa, o Anomalus centraliza e categoriza esses alertas em <strong>dashboards intuitivos<\/strong> que apoiam decis\u00f5es r\u00e1pidas e estrat\u00e9gicas.<\/p>\n\n\n\n<p>Este m\u00f3dulo funciona como uma <strong>camada anal\u00edtica complementar ao Zabbix<\/strong>, voltada para <strong>auditorias, melhoria cont\u00ednua, an\u00e1lise de recorr\u00eancia e mitiga\u00e7\u00e3o de riscos operacionais<\/strong>.<\/p>\n\n\n\n<div style=\"height:30px\" aria-hidden=\"true\" class=\"wp-block-spacer\"><\/div>\n\n\n\n<figure class=\"wp-block-image size-large\"><img loading=\"lazy\" decoding=\"async\" width=\"1024\" height=\"547\" src=\"https:\/\/anomalus.ai\/mais\/wp-content\/uploads\/2025\/10\/zabbix_1-1024x547.png\" alt=\"\" class=\"wp-image-674\" srcset=\"https:\/\/anomalus.ai\/mais\/wp-content\/uploads\/2025\/10\/zabbix_1-1024x547.png 1024w, https:\/\/anomalus.ai\/mais\/wp-content\/uploads\/2025\/10\/zabbix_1-300x160.png 300w, https:\/\/anomalus.ai\/mais\/wp-content\/uploads\/2025\/10\/zabbix_1-768x411.png 768w, https:\/\/anomalus.ai\/mais\/wp-content\/uploads\/2025\/10\/zabbix_1-1536x821.png 1536w, https:\/\/anomalus.ai\/mais\/wp-content\/uploads\/2025\/10\/zabbix_1-2048x1095.png 2048w\" sizes=\"auto, (max-width: 1024px) 100vw, 1024px\" \/><\/figure>\n<\/div>\n<\/div><\/div>\n\n\n\n<section id=\"wp-block-themeisle-blocks-advanced-columns-e600557e\" class=\"wp-block-themeisle-blocks-advanced-columns alignfull has-1-columns has-desktop-equal-layout has-tablet-equal-layout has-mobile-equal-layout has-vertical-unset has-vertical-undefined has-light-bg\"><div class=\"wp-block-themeisle-blocks-advanced-columns-overlay\"><\/div><div class=\"innerblocks-wrap\">\n<div id=\"wp-block-themeisle-blocks-advanced-column-8400a7b8\" class=\"wp-block-themeisle-blocks-advanced-column\">\n<section id=\"wp-block-themeisle-blocks-advanced-columns-ffec3fb6\" class=\"wp-block-themeisle-blocks-advanced-columns has-1-columns has-desktop-equal-layout has-tablet-equal-layout has-mobile-collapsedRows-layout has-vertical-flex-start\"><div class=\"wp-block-themeisle-blocks-advanced-columns-overlay\"><\/div><div class=\"innerblocks-wrap\">\n<div id=\"wp-block-themeisle-blocks-advanced-column-6b80165b\" class=\"wp-block-themeisle-blocks-advanced-column\">\n<div id=\"wp-block-themeisle-blocks-font-awesome-icons-ba67d976\" class=\"wp-block-themeisle-blocks-font-awesome-icons\"><span class=\"wp-block-themeisle-blocks-font-awesome-icons-container\"><i class=\"fas fa-search\"><\/i><\/span><\/div>\n\n\n\n<h3 class=\"wp-block-heading has-text-align-center\">Vis\u00e3o Geral<strong> dos Incidentes<\/strong><\/h3>\n\n\n\n<p>Logo no topo, o painel apresenta um <strong>resumo estat\u00edstico dos incidentes<\/strong> registrados via Zabbix, organizados por per\u00edodo:<\/p>\n\n\n\n<ol class=\"wp-block-list\"><\/ol>\n\n\n\n<div id=\"wp-block-themeisle-blocks-icon-list-098d6941\" class=\"wp-block-themeisle-blocks-icon-list\">\n<div id=\"wp-block-themeisle-blocks-icon-list-item-0f0fe357\" class=\"wp-block-themeisle-blocks-icon-list-item\"><i class=\"fas fa-check wp-block-themeisle-blocks-icon-list-item-icon\"><\/i><p class=\"wp-block-themeisle-blocks-icon-list-item-content\"><strong>Hoje<\/strong>, <strong>Na semana<\/strong>, <strong>No m\u00eas<\/strong> e <strong>No ano<\/strong>: total de incidentes abertos e fechados.<\/p><\/div>\n\n\n\n<div id=\"wp-block-themeisle-blocks-icon-list-item-e92c00f4\" class=\"wp-block-themeisle-blocks-icon-list-item\"><i class=\"fas fa-check wp-block-themeisle-blocks-icon-list-item-icon\"><\/i><p class=\"wp-block-themeisle-blocks-icon-list-item-content\">Apresenta\u00e7\u00e3o clara do \u00edndice de resolu\u00e7\u00e3o e da quantidade de incidentes ainda com eventos abertos.<\/p><\/div>\n\n\n\n<div id=\"wp-block-themeisle-blocks-icon-list-item-556e7517\" class=\"wp-block-themeisle-blocks-icon-list-item\"><i class=\"fas fa-check wp-block-themeisle-blocks-icon-list-item-icon\"><\/i><p class=\"wp-block-themeisle-blocks-icon-list-item-content\">Comparativos autom\u00e1ticos com per\u00edodos anteriores, com varia\u00e7\u00f5es percentuais positivas ou negativas.<\/p><\/div>\n<\/div>\n\n\n\n<p><br>Esse tipo de visualiza\u00e7\u00e3o permite <strong>entender rapidamente o ritmo de resolu\u00e7\u00e3o dos problemas<\/strong> e o comportamento de alertas ao longo do tempo.<\/p>\n\n\n\n<div style=\"height:52px\" aria-hidden=\"true\" class=\"wp-block-spacer\"><\/div>\n\n\n\n<figure class=\"wp-block-image size-large\"><img loading=\"lazy\" decoding=\"async\" width=\"1024\" height=\"388\" src=\"https:\/\/anomalus.ai\/mais\/wp-content\/uploads\/2025\/10\/zabbix_2-1024x388.png\" alt=\"\" class=\"wp-image-675\" srcset=\"https:\/\/anomalus.ai\/mais\/wp-content\/uploads\/2025\/10\/zabbix_2-1024x388.png 1024w, https:\/\/anomalus.ai\/mais\/wp-content\/uploads\/2025\/10\/zabbix_2-300x114.png 300w, https:\/\/anomalus.ai\/mais\/wp-content\/uploads\/2025\/10\/zabbix_2-768x291.png 768w, https:\/\/anomalus.ai\/mais\/wp-content\/uploads\/2025\/10\/zabbix_2-1536x582.png 1536w, https:\/\/anomalus.ai\/mais\/wp-content\/uploads\/2025\/10\/zabbix_2-2048x776.png 2048w\" sizes=\"auto, (max-width: 1024px) 100vw, 1024px\" \/><\/figure>\n<\/div>\n<\/div><\/section>\n\n\n\n<section id=\"wp-block-themeisle-blocks-advanced-columns-5fc45f41\" class=\"wp-block-themeisle-blocks-advanced-columns has-1-columns has-desktop-equal-layout has-tablet-equal-layout has-mobile-collapsedRows-layout has-vertical-flex-start\"><div class=\"wp-block-themeisle-blocks-advanced-columns-overlay\"><\/div><div class=\"innerblocks-wrap\">\n<div id=\"wp-block-themeisle-blocks-advanced-column-bc87d889\" class=\"wp-block-themeisle-blocks-advanced-column\">\n<div id=\"wp-block-themeisle-blocks-font-awesome-icons-bcb095c9\" class=\"wp-block-themeisle-blocks-font-awesome-icons\"><span class=\"wp-block-themeisle-blocks-font-awesome-icons-container\"><i class=\"fas fa-chart-line\"><\/i><\/span><\/div>\n\n\n\n<h3 class=\"wp-block-heading has-text-align-center\">Linha do Tempo<strong> de Incidentes<\/strong><\/h3>\n\n\n\n<p>O gr\u00e1fico de <strong>Timeline de Incidentes<\/strong> mostra, de forma cronol\u00f3gica, os volumes de incidentes <strong>abertos e fechados diariamente<\/strong> no per\u00edodo selecionado (\u00faltimo m\u00eas ou \u00faltimo ano). \u00c9 ideal para:<\/p>\n\n\n\n<div id=\"wp-block-themeisle-blocks-icon-list-6d7a8239\" class=\"wp-block-themeisle-blocks-icon-list\">\n<div id=\"wp-block-themeisle-blocks-icon-list-item-431a09a1\" class=\"wp-block-themeisle-blocks-icon-list-item\"><i class=\"fas fa-check wp-block-themeisle-blocks-icon-list-item-icon\"><\/i><p class=\"wp-block-themeisle-blocks-icon-list-item-content\">Identificar picos de incidentes.<\/p><\/div>\n\n\n\n<div id=\"wp-block-themeisle-blocks-icon-list-item-9341f015\" class=\"wp-block-themeisle-blocks-icon-list-item\"><i class=\"fas fa-check wp-block-themeisle-blocks-icon-list-item-icon\"><\/i><p class=\"wp-block-themeisle-blocks-icon-list-item-content\">Observar a efici\u00eancia da equipe de resposta.<\/p><\/div>\n\n\n\n<div id=\"wp-block-themeisle-blocks-icon-list-item-1690c3bb\" class=\"wp-block-themeisle-blocks-icon-list-item\"><i class=\"fas fa-check wp-block-themeisle-blocks-icon-list-item-icon\"><\/i><p class=\"wp-block-themeisle-blocks-icon-list-item-content\">Detectar tend\u00eancias de sobrecarga.<\/p><\/div>\n<\/div>\n\n\n\n<div style=\"height:52px\" aria-hidden=\"true\" class=\"wp-block-spacer\"><\/div>\n\n\n\n<figure class=\"wp-block-image size-large\"><img loading=\"lazy\" decoding=\"async\" width=\"1024\" height=\"344\" src=\"https:\/\/anomalus.ai\/mais\/wp-content\/uploads\/2025\/10\/zabbix_3-1024x344.png\" alt=\"\" class=\"wp-image-676\" srcset=\"https:\/\/anomalus.ai\/mais\/wp-content\/uploads\/2025\/10\/zabbix_3-1024x344.png 1024w, https:\/\/anomalus.ai\/mais\/wp-content\/uploads\/2025\/10\/zabbix_3-300x101.png 300w, https:\/\/anomalus.ai\/mais\/wp-content\/uploads\/2025\/10\/zabbix_3-768x258.png 768w, https:\/\/anomalus.ai\/mais\/wp-content\/uploads\/2025\/10\/zabbix_3-1536x515.png 1536w, https:\/\/anomalus.ai\/mais\/wp-content\/uploads\/2025\/10\/zabbix_3-2048x687.png 2048w\" sizes=\"auto, (max-width: 1024px) 100vw, 1024px\" \/><\/figure>\n<\/div>\n<\/div><\/section>\n\n\n\n<section id=\"wp-block-themeisle-blocks-advanced-columns-58bd5e90\" class=\"wp-block-themeisle-blocks-advanced-columns has-1-columns has-desktop-equal-layout has-tablet-equal-layout has-mobile-collapsedRows-layout has-vertical-flex-start\"><div class=\"wp-block-themeisle-blocks-advanced-columns-overlay\"><\/div><div class=\"innerblocks-wrap\">\n<div id=\"wp-block-themeisle-blocks-advanced-column-e60e5325\" class=\"wp-block-themeisle-blocks-advanced-column\">\n<div id=\"wp-block-themeisle-blocks-font-awesome-icons-958bc20f\" class=\"wp-block-themeisle-blocks-font-awesome-icons\"><span class=\"wp-block-themeisle-blocks-font-awesome-icons-container\"><i class=\"fas fa-chart-bar\"><\/i><\/span><\/div>\n\n\n\n<h3 class=\"wp-block-heading has-text-align-center\"><strong>An\u00e1lise de <\/strong>Endpoints e M\u00e9tricas<\/h3>\n\n\n\n<p>Um dos maiores diferenciais deste m\u00f3dulo \u00e9 a <strong>associa\u00e7\u00e3o dos alertas do Zabbix aos Endpoints afetados<\/strong> e \u00e0s <strong>m\u00e9tricas envolvidas<\/strong>, agrupadas por:<\/p>\n\n\n\n<div id=\"wp-block-themeisle-blocks-icon-list-d79239b2\" class=\"wp-block-themeisle-blocks-icon-list\">\n<div id=\"wp-block-themeisle-blocks-icon-list-item-d09c6182\" class=\"wp-block-themeisle-blocks-icon-list-item\"><i class=\"fas fa-check wp-block-themeisle-blocks-icon-list-item-icon\"><\/i><p class=\"wp-block-themeisle-blocks-icon-list-item-content\">Quantidade de alertas por <strong>Endpoint<\/strong>.<\/p><\/div>\n\n\n\n<div id=\"wp-block-themeisle-blocks-icon-list-item-a39addff\" class=\"wp-block-themeisle-blocks-icon-list-item\"><i class=\"fas fa-check wp-block-themeisle-blocks-icon-list-item-icon\"><\/i><p class=\"wp-block-themeisle-blocks-icon-list-item-content\">Classifica\u00e7\u00e3o dos alertas por <strong>tipo de m\u00e9trica<\/strong> (Servi\u00e7o, Banco de Dados, Disponibilidade, Mem\u00f3ria, Armazenamento e Rede).<\/p><\/div>\n\n\n\n<div id=\"wp-block-themeisle-blocks-icon-list-item-22c0a1e7\" class=\"wp-block-themeisle-blocks-icon-list-item\"><i class=\"fas fa-check wp-block-themeisle-blocks-icon-list-item-icon\"><\/i><p class=\"wp-block-themeisle-blocks-icon-list-item-content\">Correla\u00e7\u00e3o direta com os motivos de alerta, como \u201cUtiliza\u00e7\u00e3o de processos acima de 75%\u201d.<\/p><\/div>\n<\/div>\n\n\n\n<p>Esses dados s\u00e3o agrupados por semana, m\u00eas ou ano, permitindo <strong>planejar a\u00e7\u00f5es preventivas<\/strong>, como upgrades de infraestrutura ou redistribui\u00e7\u00e3o de carga entre servidores.<\/p>\n<\/div>\n<\/div><\/section>\n\n\n\n<section id=\"wp-block-themeisle-blocks-advanced-columns-623161f9\" class=\"wp-block-themeisle-blocks-advanced-columns has-1-columns has-desktop-equal-layout has-tablet-equal-layout has-mobile-collapsedRows-layout has-vertical-flex-start\"><div class=\"wp-block-themeisle-blocks-advanced-columns-overlay\"><\/div><div class=\"innerblocks-wrap\">\n<div id=\"wp-block-themeisle-blocks-advanced-column-ab83c213\" class=\"wp-block-themeisle-blocks-advanced-column\">\n<div id=\"wp-block-themeisle-blocks-font-awesome-icons-3c602f42\" class=\"wp-block-themeisle-blocks-font-awesome-icons\"><span class=\"wp-block-themeisle-blocks-font-awesome-icons-container\"><i class=\"fab fa-uncharted\"><\/i><\/span><\/div>\n\n\n\n<h3 class=\"wp-block-heading has-text-align-center\">Incidentes<strong> Persistentes ou Abertos<\/strong><\/h3>\n\n\n\n<p>A lista de incidentes persistentes ou ainda n\u00e3o resolvidos exibe:<\/p>\n\n\n\n<div id=\"wp-block-themeisle-blocks-icon-list-c5ad329b\" class=\"wp-block-themeisle-blocks-icon-list\">\n<div id=\"wp-block-themeisle-blocks-icon-list-item-1c4ac091\" class=\"wp-block-themeisle-blocks-icon-list-item\"><i class=\"fas fa-check wp-block-themeisle-blocks-icon-list-item-icon\"><\/i><p class=\"wp-block-themeisle-blocks-icon-list-item-content\"><strong>Host afetado<\/strong><\/p><\/div>\n\n\n\n<div id=\"wp-block-themeisle-blocks-icon-list-item-76534bd4\" class=\"wp-block-themeisle-blocks-icon-list-item\"><i class=\"fas fa-check wp-block-themeisle-blocks-icon-list-item-icon\"><\/i><p class=\"wp-block-themeisle-blocks-icon-list-item-content\">Descri\u00e7\u00e3o do incidente (ex.: \u201cUtiliza\u00e7\u00e3o dos processos do Zabbix proxy acima do limite\u201d)<\/p><\/div>\n\n\n\n<div id=\"wp-block-themeisle-blocks-icon-list-item-9623f4fe\" class=\"wp-block-themeisle-blocks-icon-list-item\"><i class=\"fas fa-check wp-block-themeisle-blocks-icon-list-item-icon\"><\/i><p class=\"wp-block-themeisle-blocks-icon-list-item-content\"><strong>Data de ocorr\u00eancia<\/strong><\/p><\/div>\n\n\n\n<div id=\"wp-block-themeisle-blocks-icon-list-item-57c39df0\" class=\"wp-block-themeisle-blocks-icon-list-item\"><i class=\"fas fa-check wp-block-themeisle-blocks-icon-list-item-icon\"><\/i><p class=\"wp-block-themeisle-blocks-icon-list-item-content\"><strong>Tempo de dura\u00e7\u00e3o<\/strong><\/p><\/div>\n\n\n\n<div id=\"wp-block-themeisle-blocks-icon-list-item-c373c6cb\" class=\"wp-block-themeisle-blocks-icon-list-item\"><i class=\"fas fa-check wp-block-themeisle-blocks-icon-list-item-icon\"><\/i><p class=\"wp-block-themeisle-blocks-icon-list-item-content\">Severidade e classifica\u00e7\u00e3o (Incidente, Problema, etc.)<\/p><\/div>\n\n\n\n<div id=\"wp-block-themeisle-blocks-icon-list-item-bfb82531\" class=\"wp-block-themeisle-blocks-icon-list-item\"><i class=\"fas fa-check wp-block-themeisle-blocks-icon-list-item-icon\"><\/i><p class=\"wp-block-themeisle-blocks-icon-list-item-content\">Situa\u00e7\u00e3o atual (resolvido ou n\u00e3o)<\/p><\/div>\n<\/div>\n\n\n\n<p>Tudo isso com <strong>filtros por tempo (\u00faltimas 72h, \u00faltimos 30 dias, etc.)<\/strong>, exporta\u00e7\u00e3o em PDF ou CSV e <strong>indicadores visuais de recorr\u00eancia<\/strong>.<\/p>\n\n\n\n<p>Esse recurso \u00e9 fundamental para auditorias internas, reuni\u00f5es de comit\u00ea de crise e gest\u00e3o de qualidade em ambientes de miss\u00e3o cr\u00edtica.<\/p>\n<\/div>\n<\/div><\/section>\n\n\n\n<section id=\"wp-block-themeisle-blocks-advanced-columns-ddceefe8\" class=\"wp-block-themeisle-blocks-advanced-columns has-1-columns has-desktop-equal-layout has-tablet-equal-layout has-mobile-collapsedRows-layout has-vertical-flex-start\"><div class=\"wp-block-themeisle-blocks-advanced-columns-overlay\"><\/div><div class=\"innerblocks-wrap\">\n<div id=\"wp-block-themeisle-blocks-advanced-column-1fd14846\" class=\"wp-block-themeisle-blocks-advanced-column\">\n<div id=\"wp-block-themeisle-blocks-font-awesome-icons-a9ef3070\" class=\"wp-block-themeisle-blocks-font-awesome-icons\"><span class=\"wp-block-themeisle-blocks-font-awesome-icons-container\"><i class=\"fas fa-chart-pie\"><\/i><\/span><\/div>\n\n\n\n<h3 class=\"wp-block-heading has-text-align-center\"><strong>Benef\u00edcios do M\u00f3dulo ZABBIX no Anomalus<\/strong><\/h3>\n\n\n\n<div id=\"wp-block-themeisle-blocks-icon-list-afa0e115\" class=\"wp-block-themeisle-blocks-icon-list\">\n<div id=\"wp-block-themeisle-blocks-icon-list-item-25611e82\" class=\"wp-block-themeisle-blocks-icon-list-item\"><i class=\"fas fa-check wp-block-themeisle-blocks-icon-list-item-icon\"><\/i><p class=\"wp-block-themeisle-blocks-icon-list-item-content\">\ud83d\udd0d <strong>Facilidade de visualiza\u00e7\u00e3o<\/strong>: Dashboards acess\u00edveis, at\u00e9 mesmo para equipes n\u00e3o t\u00e9cnicas.<\/p><\/div>\n\n\n\n<div id=\"wp-block-themeisle-blocks-icon-list-item-350469fc\" class=\"wp-block-themeisle-blocks-icon-list-item\"><i class=\"fas fa-check wp-block-themeisle-blocks-icon-list-item-icon\"><\/i><p class=\"wp-block-themeisle-blocks-icon-list-item-content\">\ud83d\udcca <strong>Vis\u00e3o estrat\u00e9gica<\/strong>: an\u00e1lise hist\u00f3rica e por criticidade, ideal para planejamento de infraestrutura.<\/p><\/div>\n\n\n\n<div id=\"wp-block-themeisle-blocks-icon-list-item-6860e185\" class=\"wp-block-themeisle-blocks-icon-list-item\"><i class=\"fas fa-check wp-block-themeisle-blocks-icon-list-item-icon\"><\/i><p class=\"wp-block-themeisle-blocks-icon-list-item-content\">\ud83e\udde0 <strong>Organiza\u00e7\u00e3o inteligente<\/strong>: agrupamento por causa, m\u00e9trica, endpoint e recorr\u00eancia.<\/p><\/div>\n\n\n\n<div id=\"wp-block-themeisle-blocks-icon-list-item-45ed8b58\" class=\"wp-block-themeisle-blocks-icon-list-item\"><i class=\"fas fa-check wp-block-themeisle-blocks-icon-list-item-icon\"><\/i><p class=\"wp-block-themeisle-blocks-icon-list-item-content\">\u23f1\ufe0f <strong>Efici\u00eancia operacional<\/strong>: apoio direto \u00e0 gest\u00e3o de incidentes e SLOs.<\/p><\/div>\n\n\n\n<div id=\"wp-block-themeisle-blocks-icon-list-item-37f74b2e\" class=\"wp-block-themeisle-blocks-icon-list-item\"><i class=\"fas fa-check wp-block-themeisle-blocks-icon-list-item-icon\"><\/i><p class=\"wp-block-themeisle-blocks-icon-list-item-content\">\ud83d\udee1\ufe0f <strong>Preparado para auditoria<\/strong>: ideal para ambientes regulados e com metas de compliance.<\/p><\/div>\n<\/div>\n<\/div>\n<\/div><\/section>\n\n\n\n<section id=\"wp-block-themeisle-blocks-advanced-columns-a4da10a5\" class=\"wp-block-themeisle-blocks-advanced-columns has-1-columns has-desktop-equal-layout has-tablet-equal-layout has-mobile-collapsedRows-layout has-vertical-flex-start\"><div class=\"wp-block-themeisle-blocks-advanced-columns-overlay\"><\/div><div class=\"innerblocks-wrap\">\n<div id=\"wp-block-themeisle-blocks-advanced-column-8d8f4b44\" class=\"wp-block-themeisle-blocks-advanced-column\">\n<div id=\"wp-block-themeisle-blocks-font-awesome-icons-74908cce\" class=\"wp-block-themeisle-blocks-font-awesome-icons\"><span class=\"wp-block-themeisle-blocks-font-awesome-icons-container\"><i class=\"fas fa-binoculars\"><\/i><\/span><\/div>\n\n\n\n<h3 class=\"wp-block-heading has-text-align-center\">Exemplo<strong> real:<\/strong><\/h3>\n\n\n\n<p class=\"has-text-align-left\">Uma m\u00e9trica de \u201cEspa\u00e7o em disco\u201d que sempre variava entre 65% e 75% atinge 85% repentinamente. Nenhum alerta \u00e9 disparado, porque o limiar \u00e9 90%.<br>Mas o Anomalus entende que <strong>essa curva n\u00e3o \u00e9 comum para aquele hor\u00e1rio<\/strong>, <strong>classifica como anomalia<\/strong>, e <strong>alerta o time com contexto e hist\u00f3rico<\/strong>, indicando que o comportamento saiu do padr\u00e3o esperado.<\/p>\n<\/div>\n<\/div><\/section>\n<\/div>\n<\/div><\/section>\n","protected":false},"excerpt":{"rendered":"","protected":false},"author":1,"featured_media":0,"parent":0,"menu_order":0,"comment_status":"closed","ping_status":"closed","template":"page-templates\/template-pagebuilder-full-width.php","meta":{"neve_meta_sidebar":"full-width","neve_meta_container":"","neve_meta_enable_content_width":"on","neve_meta_content_width":100,"neve_meta_title_alignment":"","neve_meta_author_avatar":"","neve_post_elements_order":"","neve_meta_disable_header":"","neve_meta_disable_footer":"","neve_meta_disable_title":"","_themeisle_gutenberg_block_has_review":false,"footnotes":""},"class_list":["post-671","page","type-page","status-publish","hentry"],"_links":{"self":[{"href":"https:\/\/anomalus.ai\/mais\/wp-json\/wp\/v2\/pages\/671","targetHints":{"allow":["GET"]}}],"collection":[{"href":"https:\/\/anomalus.ai\/mais\/wp-json\/wp\/v2\/pages"}],"about":[{"href":"https:\/\/anomalus.ai\/mais\/wp-json\/wp\/v2\/types\/page"}],"author":[{"embeddable":true,"href":"https:\/\/anomalus.ai\/mais\/wp-json\/wp\/v2\/users\/1"}],"replies":[{"embeddable":true,"href":"https:\/\/anomalus.ai\/mais\/wp-json\/wp\/v2\/comments?post=671"}],"version-history":[{"count":2,"href":"https:\/\/anomalus.ai\/mais\/wp-json\/wp\/v2\/pages\/671\/revisions"}],"predecessor-version":[{"id":677,"href":"https:\/\/anomalus.ai\/mais\/wp-json\/wp\/v2\/pages\/671\/revisions\/677"}],"wp:attachment":[{"href":"https:\/\/anomalus.ai\/mais\/wp-json\/wp\/v2\/media?parent=671"}],"curies":[{"name":"wp","href":"https:\/\/api.w.org\/{rel}","templated":true}]}}