{"id":668,"date":"2025-10-27T17:10:56","date_gmt":"2025-10-27T20:10:56","guid":{"rendered":"https:\/\/anomalus.ai\/mais\/?page_id=668"},"modified":"2025-10-27T17:12:29","modified_gmt":"2025-10-27T20:12:29","slug":"previsibilidade-e-foco","status":"publish","type":"page","link":"https:\/\/anomalus.ai\/mais\/previsibilidade-e-foco\/","title":{"rendered":"Previsibilidade e Foco"},"content":{"rendered":"\n<div id=\"wp-block-themeisle-blocks-advanced-columns-71126027\" class=\"wp-block-themeisle-blocks-advanced-columns alignfull has-1-columns has-desktop-equal-layout has-tablet-equal-layout has-mobile-equal-layout has-vertical-center has-dark-bg\"><div class=\"wp-block-themeisle-blocks-advanced-columns-overlay\"><\/div><div class=\"innerblocks-wrap\">\n<div id=\"wp-block-themeisle-blocks-advanced-column-3173e8ac\" class=\"wp-block-themeisle-blocks-advanced-column\">\n<h1 class=\"wp-block-heading has-text-align-center has-nv-text-dark-bg-color has-text-color\">Previsibilidade e Foco<\/h1>\n<\/div>\n<\/div><\/div>\n\n\n\n<div id=\"wp-block-themeisle-blocks-advanced-columns-05a9f139\" class=\"wp-block-themeisle-blocks-advanced-columns alignfull has-1-columns has-desktop-equal-layout has-tablet-equal-layout has-mobile-collapsedRows-layout has-vertical-center ticss-7c3b5c80 has-light-bg\"><div class=\"wp-block-themeisle-blocks-advanced-columns-overlay\"><\/div><div class=\"innerblocks-wrap\">\n<div id=\"wp-block-themeisle-blocks-advanced-column-ab343fda\" class=\"wp-block-themeisle-blocks-advanced-column\">\n<h2 class=\"wp-block-heading has-text-align-center\"><strong><strong><br><strong>Antecipe falhas e direcione sua aten\u00e7\u00e3o para o que realmente importa.<\/strong><\/strong><\/strong><\/h2>\n\n\n\n<p>Nem todos os problemas precisam acontecer para gerar impacto. Em muitos casos, \u00e9 poss\u00edvel prever uma falha com dias \u2014 ou at\u00e9 semanas \u2014 de anteced\u00eancia. Mas para isso, \u00e9 necess\u00e1rio mais do que alertas por limite.<br>\u00c9 preciso intelig\u00eancia, contexto e hist\u00f3rico.<\/p>\n\n\n\n<p>O m\u00f3dulo de <strong>Previsibilidade e Foco<\/strong> do Anomalus foi desenvolvido exatamente para isso: <strong>antecipar riscos com base em dados reais<\/strong>, ajudando sua equipe a <strong>priorizar a\u00e7\u00f5es corretivas antes que o problema atinja o usu\u00e1rio final.<\/strong><\/p>\n\n\n\n<p>Este m\u00f3dulo tem dois objetivos centrais:<\/p>\n\n\n\n<ol class=\"wp-block-list\">\n<li><strong>Prever com precis\u00e3o o esgotamento de recursos ou o agravamento de comportamentos indesejados<\/strong>, com base em tend\u00eancias reais observadas nos dados hist\u00f3ricos.<\/li>\n<\/ol>\n\n\n\n<p>2. <strong>Direcionar a aten\u00e7\u00e3o da equipe para os ativos e m\u00e9tricas que mais concentram eventos<\/strong>, evitando perda de tempo com an\u00e1lises superficiais ou gen\u00e9ricas.<\/p>\n<\/div>\n<\/div><\/div>\n\n\n\n<section id=\"wp-block-themeisle-blocks-advanced-columns-e600557e\" class=\"wp-block-themeisle-blocks-advanced-columns alignfull has-1-columns has-desktop-equal-layout has-tablet-equal-layout has-mobile-equal-layout has-vertical-unset has-vertical-undefined has-light-bg\"><div class=\"wp-block-themeisle-blocks-advanced-columns-overlay\"><\/div><div class=\"innerblocks-wrap\">\n<div id=\"wp-block-themeisle-blocks-advanced-column-8400a7b8\" class=\"wp-block-themeisle-blocks-advanced-column\">\n<section id=\"wp-block-themeisle-blocks-advanced-columns-ffec3fb6\" class=\"wp-block-themeisle-blocks-advanced-columns has-1-columns has-desktop-equal-layout has-tablet-equal-layout has-mobile-collapsedRows-layout has-vertical-flex-start\"><div class=\"wp-block-themeisle-blocks-advanced-columns-overlay\"><\/div><div class=\"innerblocks-wrap\">\n<div id=\"wp-block-themeisle-blocks-advanced-column-6b80165b\" class=\"wp-block-themeisle-blocks-advanced-column\">\n<div id=\"wp-block-themeisle-blocks-font-awesome-icons-ba67d976\" class=\"wp-block-themeisle-blocks-font-awesome-icons\"><span class=\"wp-block-themeisle-blocks-font-awesome-icons-container\"><i class=\"fas fa-cogs\"><\/i><\/span><\/div>\n\n\n\n<h3 class=\"wp-block-heading has-text-align-center\"><strong>Como <\/strong>funciona?<\/h3>\n\n\n\n<p>O Anomalus analisa continuamente a evolu\u00e7\u00e3o de cada m\u00e9trica e, com base no seu comportamento hist\u00f3rico e nas proje\u00e7\u00f5es matem\u00e1ticas, <strong>identifica quando um recurso est\u00e1 caminhando para atingir um limite cr\u00edtico<\/strong>.<\/p>\n\n\n\n<p>Essas an\u00e1lises geram <strong>alertas preditivos<\/strong>, indicando:<\/p>\n\n\n\n<ol class=\"wp-block-list\"><\/ol>\n\n\n\n<div id=\"wp-block-themeisle-blocks-icon-list-098d6941\" class=\"wp-block-themeisle-blocks-icon-list\">\n<div id=\"wp-block-themeisle-blocks-icon-list-item-0f0fe357\" class=\"wp-block-themeisle-blocks-icon-list-item\"><i class=\"fas fa-check wp-block-themeisle-blocks-icon-list-item-icon\"><\/i><p class=\"wp-block-themeisle-blocks-icon-list-item-content\">Qual item est\u00e1 sob risco (ex: disco, CPU, swap, mem\u00f3ria)<\/p><\/div>\n\n\n\n<div id=\"wp-block-themeisle-blocks-icon-list-item-e92c00f4\" class=\"wp-block-themeisle-blocks-icon-list-item\"><i class=\"fas fa-check wp-block-themeisle-blocks-icon-list-item-icon\"><\/i><p class=\"wp-block-themeisle-blocks-icon-list-item-content\">Qual o endpoint ou host afetado<\/p><\/div>\n\n\n\n<div id=\"wp-block-themeisle-blocks-icon-list-item-556e7517\" class=\"wp-block-themeisle-blocks-icon-list-item\"><i class=\"fas fa-check wp-block-themeisle-blocks-icon-list-item-icon\"><\/i><p class=\"wp-block-themeisle-blocks-icon-list-item-content\">Quando o limite deve ser atingido<\/p><\/div>\n\n\n\n<div id=\"wp-block-themeisle-blocks-icon-list-item-9252ec65\" class=\"wp-block-themeisle-blocks-icon-list-item\"><i class=\"fas fa-check wp-block-themeisle-blocks-icon-list-item-icon\"><\/i><p class=\"wp-block-themeisle-blocks-icon-list-item-content\">E qual a tend\u00eancia da m\u00e9trica com base nas \u00faltimas horas ou dias<\/p><\/div>\n<\/div>\n\n\n\n<p class=\"has-text-align-left\">Paralelamente, o sistema tamb\u00e9m entrega um <strong>mapa de foco operacional<\/strong>, que mostra <strong>quais endpoints, m\u00e9tricas e \u00e1reas (armazenamento, rede, servi\u00e7os, etc.) concentram mais eventos<\/strong> ao longo de diferentes janelas de tempo (24h, 7 dias, 30 dias, 1 ano).<\/p>\n<\/div>\n<\/div><\/section>\n\n\n\n<section id=\"wp-block-themeisle-blocks-advanced-columns-623161f9\" class=\"wp-block-themeisle-blocks-advanced-columns has-1-columns has-desktop-equal-layout has-tablet-equal-layout has-mobile-collapsedRows-layout has-vertical-flex-start\"><div class=\"wp-block-themeisle-blocks-advanced-columns-overlay\"><\/div><div class=\"innerblocks-wrap\">\n<div id=\"wp-block-themeisle-blocks-advanced-column-ab83c213\" class=\"wp-block-themeisle-blocks-advanced-column\">\n<div id=\"wp-block-themeisle-blocks-font-awesome-icons-3c602f42\" class=\"wp-block-themeisle-blocks-font-awesome-icons\"><span class=\"wp-block-themeisle-blocks-font-awesome-icons-container\"><i class=\"fas fa-chart-bar\"><\/i><\/span><\/div>\n\n\n\n<h3 class=\"wp-block-heading has-text-align-center\"><strong>O que voc\u00ea v\u00ea <\/strong>na pr\u00e1tica:<\/h3>\n\n\n\n<div id=\"wp-block-themeisle-blocks-icon-list-c5ad329b\" class=\"wp-block-themeisle-blocks-icon-list\">\n<div id=\"wp-block-themeisle-blocks-icon-list-item-1c4ac091\" class=\"wp-block-themeisle-blocks-icon-list-item\"><i class=\"fas fa-check wp-block-themeisle-blocks-icon-list-item-icon\"><\/i><p class=\"wp-block-themeisle-blocks-icon-list-item-content\">Lista de <strong>alertas preditivos por item<\/strong> e data estimada para esgotamento<\/p><\/div>\n\n\n\n<div id=\"wp-block-themeisle-blocks-icon-list-item-76534bd4\" class=\"wp-block-themeisle-blocks-icon-list-item\"><i class=\"fas fa-check wp-block-themeisle-blocks-icon-list-item-icon\"><\/i><p class=\"wp-block-themeisle-blocks-icon-list-item-content\">Informa\u00e7\u00f5es sobre limite pr\u00f3ximo, host afetado e probabilidade de impacto<\/p><\/div>\n\n\n\n<div id=\"wp-block-themeisle-blocks-icon-list-item-9623f4fe\" class=\"wp-block-themeisle-blocks-icon-list-item\"><i class=\"fas fa-check wp-block-themeisle-blocks-icon-list-item-icon\"><\/i><p class=\"wp-block-themeisle-blocks-icon-list-item-content\">Mapa de hist\u00f3rico de problemas com destaque por severidade e recorr\u00eancia<\/p><\/div>\n\n\n\n<div id=\"wp-block-themeisle-blocks-icon-list-item-57c39df0\" class=\"wp-block-themeisle-blocks-icon-list-item\"><i class=\"fas fa-check wp-block-themeisle-blocks-icon-list-item-icon\"><\/i><p class=\"wp-block-themeisle-blocks-icon-list-item-content\"><strong>\u00cdndice de reconhecimento e resposta<\/strong> do time (analisadas vs. ignoradas)<\/p><\/div>\n\n\n\n<div id=\"wp-block-themeisle-blocks-icon-list-item-c373c6cb\" class=\"wp-block-themeisle-blocks-icon-list-item\"><i class=\"fas fa-check wp-block-themeisle-blocks-icon-list-item-icon\"><\/i><p class=\"wp-block-themeisle-blocks-icon-list-item-content\">Filtros por per\u00edodo (24h, 7d, 30d, 1 ano)<\/p><\/div>\n\n\n\n<div id=\"wp-block-themeisle-blocks-icon-list-item-bfb82531\" class=\"wp-block-themeisle-blocks-icon-list-item\"><i class=\"fas fa-check wp-block-themeisle-blocks-icon-list-item-icon\"><\/i><p class=\"wp-block-themeisle-blocks-icon-list-item-content\">Exporta\u00e7\u00e3o em PDF ou CSV para relat\u00f3rios operacionais ou reuni\u00f5es t\u00e9cnicas<\/p><\/div>\n<\/div>\n<\/div>\n<\/div><\/section>\n\n\n\n<section id=\"wp-block-themeisle-blocks-advanced-columns-3073b1bb\" class=\"wp-block-themeisle-blocks-advanced-columns has-1-columns has-desktop-equal-layout has-tablet-equal-layout has-mobile-collapsedRows-layout has-vertical-flex-start\"><div class=\"wp-block-themeisle-blocks-advanced-columns-overlay\"><\/div><div class=\"innerblocks-wrap\">\n<div id=\"wp-block-themeisle-blocks-advanced-column-5ecde0b9\" class=\"wp-block-themeisle-blocks-advanced-column\">\n<div id=\"wp-block-themeisle-blocks-font-awesome-icons-8a478e0c\" class=\"wp-block-themeisle-blocks-font-awesome-icons\"><span class=\"wp-block-themeisle-blocks-font-awesome-icons-container\"><i class=\"fas fa-chart-pie\"><\/i><\/span><\/div>\n\n\n\n<h3 class=\"wp-block-heading has-text-align-center\">Benef\u00edcios<strong> pr\u00e1ticos:<\/strong><\/h3>\n\n\n\n<div id=\"wp-block-themeisle-blocks-icon-list-f9f451cc\" class=\"wp-block-themeisle-blocks-icon-list\">\n<div id=\"wp-block-themeisle-blocks-icon-list-item-b6bbab02\" class=\"wp-block-themeisle-blocks-icon-list-item\"><i class=\"fas fa-check wp-block-themeisle-blocks-icon-list-item-icon\"><\/i><p class=\"wp-block-themeisle-blocks-icon-list-item-content\"><strong>Evita falhas antes que elas aconte\u00e7am<\/strong><\/p><\/div>\n\n\n\n<div id=\"wp-block-themeisle-blocks-icon-list-item-e6589cd9\" class=\"wp-block-themeisle-blocks-icon-list-item\"><i class=\"fas fa-check wp-block-themeisle-blocks-icon-list-item-icon\"><\/i><p class=\"wp-block-themeisle-blocks-icon-list-item-content\">Reduz o tempo gasto em diagn\u00f3sticos e investiga\u00e7\u00f5es<\/p><\/div>\n\n\n\n<div id=\"wp-block-themeisle-blocks-icon-list-item-13289fde\" class=\"wp-block-themeisle-blocks-icon-list-item\"><i class=\"fas fa-check wp-block-themeisle-blocks-icon-list-item-icon\"><\/i><p class=\"wp-block-themeisle-blocks-icon-list-item-content\"><strong>Aumenta a efici\u00eancia do time t\u00e9cnico<\/strong>, focando no que realmente exige aten\u00e7\u00e3o<\/p><\/div>\n\n\n\n<div id=\"wp-block-themeisle-blocks-icon-list-item-b483d7cb\" class=\"wp-block-themeisle-blocks-icon-list-item\"><i class=\"fas fa-check wp-block-themeisle-blocks-icon-list-item-icon\"><\/i><p class=\"wp-block-themeisle-blocks-icon-list-item-content\">Cria uma cultura de <strong>manuten\u00e7\u00e3o preditiva<\/strong>, e n\u00e3o apenas corretiva<\/p><\/div>\n\n\n\n<div id=\"wp-block-themeisle-blocks-icon-list-item-8272cac2\" class=\"wp-block-themeisle-blocks-icon-list-item\"><i class=\"fas fa-check wp-block-themeisle-blocks-icon-list-item-icon\"><\/i><p class=\"wp-block-themeisle-blocks-icon-list-item-content\">Melhora a comunica\u00e7\u00e3o entre \u00e1reas t\u00e9cnicas e de neg\u00f3cio, com dados visuais e objetivos<\/p><\/div>\n<\/div>\n<\/div>\n<\/div><\/section>\n\n\n\n<section id=\"wp-block-themeisle-blocks-advanced-columns-a4da10a5\" class=\"wp-block-themeisle-blocks-advanced-columns has-1-columns has-desktop-equal-layout has-tablet-equal-layout has-mobile-collapsedRows-layout has-vertical-flex-start\"><div class=\"wp-block-themeisle-blocks-advanced-columns-overlay\"><\/div><div class=\"innerblocks-wrap\">\n<div id=\"wp-block-themeisle-blocks-advanced-column-8d8f4b44\" class=\"wp-block-themeisle-blocks-advanced-column\">\n<div id=\"wp-block-themeisle-blocks-font-awesome-icons-74908cce\" class=\"wp-block-themeisle-blocks-font-awesome-icons\"><span class=\"wp-block-themeisle-blocks-font-awesome-icons-container\"><i class=\"fas fa-binoculars\"><\/i><\/span><\/div>\n\n\n\n<h3 class=\"wp-block-heading has-text-align-center\">Exemplo<strong> real:<\/strong><\/h3>\n\n\n\n<p class=\"has-text-align-left\">O Anomalus detecta que um volume de armazenamento est\u00e1 crescendo em ritmo acelerado.<br>Mesmo ainda com espa\u00e7o livre, a curva indica que o volume pode esgotar em 3 dias.<br>O alerta \u00e9 gerado <strong>antes da falha<\/strong>, com base em proje\u00e7\u00e3o estat\u00edstica, dando tempo \u00e0 equipe para agir com tranquilidade \u2014 sem correria, sem impacto no usu\u00e1rio.<\/p>\n<\/div>\n<\/div><\/section>\n<\/div>\n<\/div><\/section>\n","protected":false},"excerpt":{"rendered":"","protected":false},"author":1,"featured_media":0,"parent":0,"menu_order":0,"comment_status":"closed","ping_status":"closed","template":"page-templates\/template-pagebuilder-full-width.php","meta":{"neve_meta_sidebar":"full-width","neve_meta_container":"","neve_meta_enable_content_width":"on","neve_meta_content_width":100,"neve_meta_title_alignment":"","neve_meta_author_avatar":"","neve_post_elements_order":"","neve_meta_disable_header":"","neve_meta_disable_footer":"","neve_meta_disable_title":"","_themeisle_gutenberg_block_has_review":false,"footnotes":""},"class_list":["post-668","page","type-page","status-publish","hentry"],"_links":{"self":[{"href":"https:\/\/anomalus.ai\/mais\/wp-json\/wp\/v2\/pages\/668","targetHints":{"allow":["GET"]}}],"collection":[{"href":"https:\/\/anomalus.ai\/mais\/wp-json\/wp\/v2\/pages"}],"about":[{"href":"https:\/\/anomalus.ai\/mais\/wp-json\/wp\/v2\/types\/page"}],"author":[{"embeddable":true,"href":"https:\/\/anomalus.ai\/mais\/wp-json\/wp\/v2\/users\/1"}],"replies":[{"embeddable":true,"href":"https:\/\/anomalus.ai\/mais\/wp-json\/wp\/v2\/comments?post=668"}],"version-history":[{"count":2,"href":"https:\/\/anomalus.ai\/mais\/wp-json\/wp\/v2\/pages\/668\/revisions"}],"predecessor-version":[{"id":670,"href":"https:\/\/anomalus.ai\/mais\/wp-json\/wp\/v2\/pages\/668\/revisions\/670"}],"wp:attachment":[{"href":"https:\/\/anomalus.ai\/mais\/wp-json\/wp\/v2\/media?parent=668"}],"curies":[{"name":"wp","href":"https:\/\/api.w.org\/{rel}","templated":true}]}}