{"id":661,"date":"2025-10-27T16:57:17","date_gmt":"2025-10-27T19:57:17","guid":{"rendered":"https:\/\/anomalus.ai\/mais\/?page_id=661"},"modified":"2025-11-07T12:24:07","modified_gmt":"2025-11-07T15:24:07","slug":"anomalias","status":"publish","type":"page","link":"https:\/\/anomalus.ai\/mais\/anomalias\/","title":{"rendered":"Anomalias"},"content":{"rendered":"\n<div id=\"wp-block-themeisle-blocks-advanced-columns-71126027\" class=\"wp-block-themeisle-blocks-advanced-columns alignfull has-1-columns has-desktop-equal-layout has-tablet-equal-layout has-mobile-equal-layout has-vertical-center has-dark-bg\"><div class=\"wp-block-themeisle-blocks-advanced-columns-overlay\"><\/div><div class=\"innerblocks-wrap\">\n<div id=\"wp-block-themeisle-blocks-advanced-column-3173e8ac\" class=\"wp-block-themeisle-blocks-advanced-column\">\n<h1 class=\"wp-block-heading has-text-align-center has-nv-text-dark-bg-color has-text-color\">Anomalias<\/h1>\n<\/div>\n<\/div><\/div>\n\n\n\n<div id=\"wp-block-themeisle-blocks-advanced-columns-05a9f139\" class=\"wp-block-themeisle-blocks-advanced-columns alignfull has-1-columns has-desktop-equal-layout has-tablet-equal-layout has-mobile-collapsedRows-layout has-vertical-center ticss-7c3b5c80 has-light-bg\"><div class=\"wp-block-themeisle-blocks-advanced-columns-overlay\"><\/div><div class=\"innerblocks-wrap\">\n<div id=\"wp-block-themeisle-blocks-advanced-column-ab343fda\" class=\"wp-block-themeisle-blocks-advanced-column\">\n<h2 class=\"wp-block-heading has-text-align-center\"><strong><strong>Detecte automaticamente comportamentos anormais e falhas ocultas<\/strong><\/strong><\/h2>\n\n\n\n<h3 class=\"wp-block-heading has-text-align-center\"><strong><strong>com intelig\u00eancia e precis\u00e3o.<\/strong><\/strong><\/h3>\n\n\n\n<p><br>A maioria das falhas n\u00e3o acontece de forma repentina.<br>Elas se desenvolvem em sil\u00eancio: uma queda lenta de desempenho, um uso incomum de mem\u00f3ria, uma m\u00e9trica que sai do padr\u00e3o aos poucos&#8230; at\u00e9 o momento em que o impacto se torna real.<\/p>\n\n\n\n<div style=\"height:30px\" aria-hidden=\"true\" class=\"wp-block-spacer\"><\/div>\n\n\n\n<figure class=\"wp-block-image size-large\"><img loading=\"lazy\" decoding=\"async\" width=\"1024\" height=\"450\" src=\"https:\/\/anomalus.ai\/mais\/wp-content\/uploads\/2025\/10\/anomalias_1-1024x450.png\" alt=\"\" class=\"wp-image-662\" srcset=\"https:\/\/anomalus.ai\/mais\/wp-content\/uploads\/2025\/10\/anomalias_1-1024x450.png 1024w, https:\/\/anomalus.ai\/mais\/wp-content\/uploads\/2025\/10\/anomalias_1-300x132.png 300w, https:\/\/anomalus.ai\/mais\/wp-content\/uploads\/2025\/10\/anomalias_1-768x338.png 768w, https:\/\/anomalus.ai\/mais\/wp-content\/uploads\/2025\/10\/anomalias_1-1536x675.png 1536w, https:\/\/anomalus.ai\/mais\/wp-content\/uploads\/2025\/10\/anomalias_1-2048x900.png 2048w\" sizes=\"auto, (max-width: 1024px) 100vw, 1024px\" \/><\/figure>\n\n\n\n<div style=\"height:33px\" aria-hidden=\"true\" class=\"wp-block-spacer\"><\/div>\n\n\n\n<p>O m\u00f3dulo de <strong>Anomalias<\/strong> do Anomalus foi projetado para <strong>detectar automaticamente essas varia\u00e7\u00f5es fora do esperado<\/strong>, mesmo quando <strong>n\u00e3o h\u00e1 quebra de limite<\/strong> nem alertas convencionais disparados.<\/p>\n\n\n\n<p>Utilizando <strong>modelos treinados com intelig\u00eancia artificial<\/strong>, o sistema identifica <strong>desvios em rela\u00e7\u00e3o ao comportamento hist\u00f3rico das m\u00e9tricas<\/strong>, analisando curva, tend\u00eancia, contexto e impacto real no ambiente.<\/p>\n\n\n\n<p>O objetivo \u00e9 <strong>detectar incidentes ocultos<\/strong>, <strong>desvios operacionais silenciosos<\/strong> e <strong>comportamentos incomuns<\/strong> em qualquer m\u00e9trica monitorada \u2014 antes que se tornem falhas cr\u00edticas.<\/p>\n\n\n\n<p>Mais do que alertar, o Anomalus <strong>explica o motivo da anomalia, classifica sua frequ\u00eancia e import\u00e2ncia<\/strong>, e ajuda o time a entender <strong>o que mudou, por quanto tempo, e onde est\u00e1 o foco do problema.<\/strong><\/p>\n<\/div>\n<\/div><\/div>\n\n\n\n<section id=\"wp-block-themeisle-blocks-advanced-columns-e600557e\" class=\"wp-block-themeisle-blocks-advanced-columns alignfull has-1-columns has-desktop-equal-layout has-tablet-equal-layout has-mobile-equal-layout has-vertical-unset has-vertical-undefined has-light-bg\"><div class=\"wp-block-themeisle-blocks-advanced-columns-overlay\"><\/div><div class=\"innerblocks-wrap\">\n<div id=\"wp-block-themeisle-blocks-advanced-column-8400a7b8\" class=\"wp-block-themeisle-blocks-advanced-column\">\n<section id=\"wp-block-themeisle-blocks-advanced-columns-ffec3fb6\" class=\"wp-block-themeisle-blocks-advanced-columns has-1-columns has-desktop-equal-layout has-tablet-equal-layout has-mobile-collapsedRows-layout has-vertical-flex-start\"><div class=\"wp-block-themeisle-blocks-advanced-columns-overlay\"><\/div><div class=\"innerblocks-wrap\">\n<div id=\"wp-block-themeisle-blocks-advanced-column-6b80165b\" class=\"wp-block-themeisle-blocks-advanced-column\">\n<div id=\"wp-block-themeisle-blocks-font-awesome-icons-ba67d976\" class=\"wp-block-themeisle-blocks-font-awesome-icons\"><span class=\"wp-block-themeisle-blocks-font-awesome-icons-container\"><i class=\"fas fa-cogs\"><\/i><\/span><\/div>\n\n\n\n<h3 class=\"wp-block-heading has-text-align-center\"><strong>Como <\/strong>funciona?<\/h3>\n\n\n\n<ol class=\"wp-block-list\">\n<li>Cada m\u00e9trica monitorada \u00e9 <strong>treinada com base em seu hist\u00f3rico individual<\/strong>, levando em conta:<\/li>\n<\/ol>\n\n\n\n<div id=\"wp-block-themeisle-blocks-icon-list-098d6941\" class=\"wp-block-themeisle-blocks-icon-list\">\n<div id=\"wp-block-themeisle-blocks-icon-list-item-0f0fe357\" class=\"wp-block-themeisle-blocks-icon-list-item\"><i class=\"fas fa-check wp-block-themeisle-blocks-icon-list-item-icon\"><\/i><p class=\"wp-block-themeisle-blocks-icon-list-item-content\">Hor\u00e1rio do dia<\/p><\/div>\n\n\n\n<div id=\"wp-block-themeisle-blocks-icon-list-item-e92c00f4\" class=\"wp-block-themeisle-blocks-icon-list-item\"><i class=\"fas fa-check wp-block-themeisle-blocks-icon-list-item-icon\"><\/i><p class=\"wp-block-themeisle-blocks-icon-list-item-content\">Dia da semana<\/p><\/div>\n\n\n\n<div id=\"wp-block-themeisle-blocks-icon-list-item-556e7517\" class=\"wp-block-themeisle-blocks-icon-list-item\"><i class=\"fas fa-check wp-block-themeisle-blocks-icon-list-item-icon\"><\/i><p class=\"wp-block-themeisle-blocks-icon-list-item-content\">Padr\u00e3o de carga normal<\/p><\/div>\n<\/div>\n\n\n\n<p class=\"has-text-align-left\"><br>2. O sistema compara os dados atuais com o <strong>padr\u00e3o esperado<\/strong> e identifica <strong>anomalias de forma autom\u00e1tica<\/strong>, com alta precis\u00e3o estat\u00edstica.<\/p>\n\n\n\n<p>As anomalias s\u00e3o classificadas por:<\/p>\n\n\n\n<div id=\"wp-block-themeisle-blocks-icon-list-6fdde132\" class=\"wp-block-themeisle-blocks-icon-list\">\n<div id=\"wp-block-themeisle-blocks-icon-list-item-fb48006a\" class=\"wp-block-themeisle-blocks-icon-list-item\"><i class=\"fas fa-check wp-block-themeisle-blocks-icon-list-item-icon\"><\/i><p class=\"wp-block-themeisle-blocks-icon-list-item-content\"><strong>Tipo de recurso afetado<\/strong> (armazenamento, mem\u00f3ria, processos, rede, etc.)<\/p><\/div>\n\n\n\n<div id=\"wp-block-themeisle-blocks-icon-list-item-3ec44c6d\" class=\"wp-block-themeisle-blocks-icon-list-item\"><i class=\"fas fa-check wp-block-themeisle-blocks-icon-list-item-icon\"><\/i><p class=\"wp-block-themeisle-blocks-icon-list-item-content\"><strong>Endpoint monitorado<\/strong><\/p><\/div>\n\n\n\n<div id=\"wp-block-themeisle-blocks-icon-list-item-e141fc4a\" class=\"wp-block-themeisle-blocks-icon-list-item\"><i class=\"fas fa-check wp-block-themeisle-blocks-icon-list-item-icon\"><\/i><p class=\"wp-block-themeisle-blocks-icon-list-item-content\"><strong>M\u00e9trica alterada<\/strong><\/p><\/div>\n\n\n\n<div id=\"wp-block-themeisle-blocks-icon-list-item-d5c7b670\" class=\"wp-block-themeisle-blocks-icon-list-item\"><i class=\"fas fa-check wp-block-themeisle-blocks-icon-list-item-icon\"><\/i><p class=\"wp-block-themeisle-blocks-icon-list-item-content\"><strong>Desvio percentual<\/strong> em rela\u00e7\u00e3o \u00e0 m\u00e9dia<\/p><\/div>\n\n\n\n<div id=\"wp-block-themeisle-blocks-icon-list-item-4403fbfa\" class=\"wp-block-themeisle-blocks-icon-list-item\"><i class=\"fas fa-check wp-block-themeisle-blocks-icon-list-item-icon\"><\/i><p class=\"wp-block-themeisle-blocks-icon-list-item-content\"><strong>Frequ\u00eancia<\/strong> e <strong>persist\u00eancia<\/strong><\/p><\/div>\n<\/div>\n\n\n\n<div style=\"height:52px\" aria-hidden=\"true\" class=\"wp-block-spacer\"><\/div>\n\n\n\n<figure class=\"wp-block-image size-large\"><img loading=\"lazy\" decoding=\"async\" width=\"1024\" height=\"534\" src=\"https:\/\/anomalus.ai\/mais\/wp-content\/uploads\/2025\/10\/anomalias_2-1024x534.png\" alt=\"\" class=\"wp-image-663\" srcset=\"https:\/\/anomalus.ai\/mais\/wp-content\/uploads\/2025\/10\/anomalias_2-1024x534.png 1024w, https:\/\/anomalus.ai\/mais\/wp-content\/uploads\/2025\/10\/anomalias_2-300x157.png 300w, https:\/\/anomalus.ai\/mais\/wp-content\/uploads\/2025\/10\/anomalias_2-768x401.png 768w, https:\/\/anomalus.ai\/mais\/wp-content\/uploads\/2025\/10\/anomalias_2-1536x802.png 1536w, https:\/\/anomalus.ai\/mais\/wp-content\/uploads\/2025\/10\/anomalias_2-2048x1069.png 2048w\" sizes=\"auto, (max-width: 1024px) 100vw, 1024px\" \/><\/figure>\n<\/div>\n<\/div><\/section>\n\n\n\n<section id=\"wp-block-themeisle-blocks-advanced-columns-623161f9\" class=\"wp-block-themeisle-blocks-advanced-columns has-1-columns has-desktop-equal-layout has-tablet-equal-layout has-mobile-collapsedRows-layout has-vertical-flex-start\"><div class=\"wp-block-themeisle-blocks-advanced-columns-overlay\"><\/div><div class=\"innerblocks-wrap\">\n<div id=\"wp-block-themeisle-blocks-advanced-column-ab83c213\" class=\"wp-block-themeisle-blocks-advanced-column\">\n<div id=\"wp-block-themeisle-blocks-font-awesome-icons-3c602f42\" class=\"wp-block-themeisle-blocks-font-awesome-icons\"><span class=\"wp-block-themeisle-blocks-font-awesome-icons-container\"><i class=\"fas fa-chart-bar\"><\/i><\/span><\/div>\n\n\n\n<h3 class=\"wp-block-heading has-text-align-center\"><strong>O que voc\u00ea v\u00ea <\/strong>na pr\u00e1tica:<\/h3>\n\n\n\n<div id=\"wp-block-themeisle-blocks-icon-list-c5ad329b\" class=\"wp-block-themeisle-blocks-icon-list\">\n<div id=\"wp-block-themeisle-blocks-icon-list-item-1c4ac091\" class=\"wp-block-themeisle-blocks-icon-list-item\"><i class=\"fas fa-check wp-block-themeisle-blocks-icon-list-item-icon\"><\/i><p class=\"wp-block-themeisle-blocks-icon-list-item-content\">Quantidade total de anomalias no per\u00edodo (1h, 24h, 30d, etc.)<\/p><\/div>\n\n\n\n<div id=\"wp-block-themeisle-blocks-icon-list-item-76534bd4\" class=\"wp-block-themeisle-blocks-icon-list-item\"><i class=\"fas fa-check wp-block-themeisle-blocks-icon-list-item-icon\"><\/i><p class=\"wp-block-themeisle-blocks-icon-list-item-content\">Dashboard de anomalias <strong>por tipo, por endpoint e por m\u00e9trica<\/strong><\/p><\/div>\n\n\n\n<div id=\"wp-block-themeisle-blocks-icon-list-item-9623f4fe\" class=\"wp-block-themeisle-blocks-icon-list-item\"><i class=\"fas fa-check wp-block-themeisle-blocks-icon-list-item-icon\"><\/i><p class=\"wp-block-themeisle-blocks-icon-list-item-content\"><strong>Timeline de surgimento<\/strong> das anomalias ao longo do tempo<\/p><\/div>\n\n\n\n<div id=\"wp-block-themeisle-blocks-icon-list-item-57c39df0\" class=\"wp-block-themeisle-blocks-icon-list-item\"><i class=\"fas fa-check wp-block-themeisle-blocks-icon-list-item-icon\"><\/i><p class=\"wp-block-themeisle-blocks-icon-list-item-content\"><strong>\u00cdndice de reconhecimento e resposta<\/strong> do time (analisadas vs. ignoradas)<\/p><\/div>\n\n\n\n<div id=\"wp-block-themeisle-blocks-icon-list-item-c373c6cb\" class=\"wp-block-themeisle-blocks-icon-list-item\"><i class=\"fas fa-check wp-block-themeisle-blocks-icon-list-item-icon\"><\/i><p class=\"wp-block-themeisle-blocks-icon-list-item-content\">Lista detalhada com:<\/p><\/div>\n\n\n\n<div id=\"wp-block-themeisle-blocks-icon-list-item-7f963a8d\" class=\"wp-block-themeisle-blocks-icon-list-item\"><i class=\"fas fa-angle-right wp-block-themeisle-blocks-icon-list-item-icon-custom\"><\/i><p class=\"wp-block-themeisle-blocks-icon-list-item-content\">M\u00e9trica e endpoint afetado<\/p><\/div>\n\n\n\n<div id=\"wp-block-themeisle-blocks-icon-list-item-3e5c946b\" class=\"wp-block-themeisle-blocks-icon-list-item\"><i class=\"fas fa-angle-right wp-block-themeisle-blocks-icon-list-item-icon-custom\"><\/i><p class=\"wp-block-themeisle-blocks-icon-list-item-content\">Percentual de desvio<\/p><\/div>\n\n\n\n<div id=\"wp-block-themeisle-blocks-icon-list-item-f8aeca20\" class=\"wp-block-themeisle-blocks-icon-list-item\"><i class=\"fas fa-angle-right wp-block-themeisle-blocks-icon-list-item-icon-custom\"><\/i><p class=\"wp-block-themeisle-blocks-icon-list-item-content\">Classifica\u00e7\u00e3o de severidade (frequente, rara, antiga, comum)<\/p><\/div>\n\n\n\n<div id=\"wp-block-themeisle-blocks-icon-list-item-f771323d\" class=\"wp-block-themeisle-blocks-icon-list-item\"><i class=\"fas fa-angle-right wp-block-themeisle-blocks-icon-list-item-icon-custom\"><\/i><p class=\"wp-block-themeisle-blocks-icon-list-item-content\">Situa\u00e7\u00e3o atual (ativa, encerrada, resolvida)<\/p><\/div>\n\n\n\n<div id=\"wp-block-themeisle-blocks-icon-list-item-bfb82531\" class=\"wp-block-themeisle-blocks-icon-list-item\"><i class=\"fas fa-check wp-block-themeisle-blocks-icon-list-item-icon\"><\/i><p class=\"wp-block-themeisle-blocks-icon-list-item-content\">Visualiza\u00e7\u00e3o gr\u00e1fica da <strong>curva de comportamento<\/strong> da m\u00e9trica e <strong>pontos de anomalia destacados<\/strong><\/p><\/div>\n<\/div>\n\n\n\n<div style=\"height:57px\" aria-hidden=\"true\" class=\"wp-block-spacer\"><\/div>\n\n\n\n<figure class=\"wp-block-image size-large\"><img loading=\"lazy\" decoding=\"async\" width=\"1024\" height=\"352\" src=\"https:\/\/anomalus.ai\/mais\/wp-content\/uploads\/2025\/10\/anomalias_3-1024x352.png\" alt=\"\" class=\"wp-image-664\" srcset=\"https:\/\/anomalus.ai\/mais\/wp-content\/uploads\/2025\/10\/anomalias_3-1024x352.png 1024w, https:\/\/anomalus.ai\/mais\/wp-content\/uploads\/2025\/10\/anomalias_3-300x103.png 300w, https:\/\/anomalus.ai\/mais\/wp-content\/uploads\/2025\/10\/anomalias_3-768x264.png 768w, https:\/\/anomalus.ai\/mais\/wp-content\/uploads\/2025\/10\/anomalias_3-1536x527.png 1536w, https:\/\/anomalus.ai\/mais\/wp-content\/uploads\/2025\/10\/anomalias_3-2048x703.png 2048w\" sizes=\"auto, (max-width: 1024px) 100vw, 1024px\" \/><\/figure>\n<\/div>\n<\/div><\/section>\n\n\n\n<section id=\"wp-block-themeisle-blocks-advanced-columns-3073b1bb\" class=\"wp-block-themeisle-blocks-advanced-columns has-1-columns has-desktop-equal-layout has-tablet-equal-layout has-mobile-collapsedRows-layout has-vertical-flex-start\"><div class=\"wp-block-themeisle-blocks-advanced-columns-overlay\"><\/div><div class=\"innerblocks-wrap\">\n<div id=\"wp-block-themeisle-blocks-advanced-column-5ecde0b9\" class=\"wp-block-themeisle-blocks-advanced-column\">\n<div id=\"wp-block-themeisle-blocks-font-awesome-icons-8a478e0c\" class=\"wp-block-themeisle-blocks-font-awesome-icons\"><span class=\"wp-block-themeisle-blocks-font-awesome-icons-container\"><i class=\"fas fa-chart-pie\"><\/i><\/span><\/div>\n\n\n\n<h3 class=\"wp-block-heading has-text-align-center\">Benef\u00edcios<strong> pr\u00e1ticos:<\/strong><\/h3>\n\n\n\n<div id=\"wp-block-themeisle-blocks-icon-list-f9f451cc\" class=\"wp-block-themeisle-blocks-icon-list\">\n<div id=\"wp-block-themeisle-blocks-icon-list-item-b6bbab02\" class=\"wp-block-themeisle-blocks-icon-list-item\"><i class=\"fas fa-check wp-block-themeisle-blocks-icon-list-item-icon\"><\/i><p class=\"wp-block-themeisle-blocks-icon-list-item-content\">Detecta <strong>riscos reais mesmo sem alertas tradicionais<\/strong><\/p><\/div>\n\n\n\n<div id=\"wp-block-themeisle-blocks-icon-list-item-e6589cd9\" class=\"wp-block-themeisle-blocks-icon-list-item\"><i class=\"fas fa-check wp-block-themeisle-blocks-icon-list-item-icon\"><\/i><p class=\"wp-block-themeisle-blocks-icon-list-item-content\">Ajuda a priorizar problemas silenciosos que impactam desempenho<\/p><\/div>\n\n\n\n<div id=\"wp-block-themeisle-blocks-icon-list-item-13289fde\" class=\"wp-block-themeisle-blocks-icon-list-item\"><i class=\"fas fa-check wp-block-themeisle-blocks-icon-list-item-icon\"><\/i><p class=\"wp-block-themeisle-blocks-icon-list-item-content\">Reduz o tempo de investiga\u00e7\u00e3o de falhas<\/p><\/div>\n\n\n\n<div id=\"wp-block-themeisle-blocks-icon-list-item-b483d7cb\" class=\"wp-block-themeisle-blocks-icon-list-item\"><i class=\"fas fa-check wp-block-themeisle-blocks-icon-list-item-icon\"><\/i><p class=\"wp-block-themeisle-blocks-icon-list-item-content\"><strong>Melhora a visibilidade da opera\u00e7\u00e3o<\/strong> e do que est\u00e1 mudando de forma invis\u00edvel<\/p><\/div>\n\n\n\n<div id=\"wp-block-themeisle-blocks-icon-list-item-8272cac2\" class=\"wp-block-themeisle-blocks-icon-list-item\"><i class=\"fas fa-check wp-block-themeisle-blocks-icon-list-item-icon\"><\/i><p class=\"wp-block-themeisle-blocks-icon-list-item-content\">Gera hist\u00f3rico confi\u00e1vel de <strong>m\u00e9tricas inst\u00e1veis ou problem\u00e1ticas<\/strong><\/p><\/div>\n<\/div>\n\n\n\n<div style=\"height:46px\" aria-hidden=\"true\" class=\"wp-block-spacer\"><\/div>\n\n\n\n<figure class=\"wp-block-image size-large\"><img loading=\"lazy\" decoding=\"async\" width=\"1024\" height=\"463\" src=\"https:\/\/anomalus.ai\/mais\/wp-content\/uploads\/2025\/10\/anomalias_4-1024x463.png\" alt=\"\" class=\"wp-image-665\" srcset=\"https:\/\/anomalus.ai\/mais\/wp-content\/uploads\/2025\/10\/anomalias_4-1024x463.png 1024w, https:\/\/anomalus.ai\/mais\/wp-content\/uploads\/2025\/10\/anomalias_4-300x136.png 300w, https:\/\/anomalus.ai\/mais\/wp-content\/uploads\/2025\/10\/anomalias_4-768x347.png 768w, https:\/\/anomalus.ai\/mais\/wp-content\/uploads\/2025\/10\/anomalias_4-1536x694.png 1536w, https:\/\/anomalus.ai\/mais\/wp-content\/uploads\/2025\/10\/anomalias_4-2048x926.png 2048w\" sizes=\"auto, (max-width: 1024px) 100vw, 1024px\" \/><\/figure>\n<\/div>\n<\/div><\/section>\n\n\n\n<section id=\"wp-block-themeisle-blocks-advanced-columns-a4da10a5\" class=\"wp-block-themeisle-blocks-advanced-columns has-1-columns has-desktop-equal-layout has-tablet-equal-layout has-mobile-collapsedRows-layout has-vertical-flex-start\"><div class=\"wp-block-themeisle-blocks-advanced-columns-overlay\"><\/div><div class=\"innerblocks-wrap\">\n<div id=\"wp-block-themeisle-blocks-advanced-column-8d8f4b44\" class=\"wp-block-themeisle-blocks-advanced-column\">\n<div id=\"wp-block-themeisle-blocks-font-awesome-icons-74908cce\" class=\"wp-block-themeisle-blocks-font-awesome-icons\"><span class=\"wp-block-themeisle-blocks-font-awesome-icons-container\"><i class=\"fas fa-binoculars\"><\/i><\/span><\/div>\n\n\n\n<h3 class=\"wp-block-heading has-text-align-center\">Exemplo<strong> real:<\/strong><\/h3>\n\n\n\n<p class=\"has-text-align-left\">Uma m\u00e9trica de \u201cEspa\u00e7o em disco\u201d que sempre variava entre 65% e 75% atinge 85% repentinamente. Nenhum alerta \u00e9 disparado, porque o limiar \u00e9 90%.<br>Mas o Anomalus entende que <strong>essa curva n\u00e3o \u00e9 comum para aquele hor\u00e1rio<\/strong>, <strong>classifica como anomalia<\/strong>, e <strong>alerta o time com contexto e hist\u00f3rico<\/strong>, indicando que o comportamento saiu do padr\u00e3o esperado.<\/p>\n<\/div>\n<\/div><\/section>\n<\/div>\n<\/div><\/section>\n","protected":false},"excerpt":{"rendered":"","protected":false},"author":1,"featured_media":0,"parent":0,"menu_order":0,"comment_status":"closed","ping_status":"closed","template":"page-templates\/template-pagebuilder-full-width.php","meta":{"neve_meta_sidebar":"full-width","neve_meta_container":"","neve_meta_enable_content_width":"on","neve_meta_content_width":70,"neve_meta_title_alignment":"","neve_meta_author_avatar":"","neve_post_elements_order":"","neve_meta_disable_header":"","neve_meta_disable_footer":"","neve_meta_disable_title":"","_themeisle_gutenberg_block_has_review":false,"footnotes":""},"class_list":["post-661","page","type-page","status-publish","hentry"],"_links":{"self":[{"href":"https:\/\/anomalus.ai\/mais\/wp-json\/wp\/v2\/pages\/661","targetHints":{"allow":["GET"]}}],"collection":[{"href":"https:\/\/anomalus.ai\/mais\/wp-json\/wp\/v2\/pages"}],"about":[{"href":"https:\/\/anomalus.ai\/mais\/wp-json\/wp\/v2\/types\/page"}],"author":[{"embeddable":true,"href":"https:\/\/anomalus.ai\/mais\/wp-json\/wp\/v2\/users\/1"}],"replies":[{"embeddable":true,"href":"https:\/\/anomalus.ai\/mais\/wp-json\/wp\/v2\/comments?post=661"}],"version-history":[{"count":2,"href":"https:\/\/anomalus.ai\/mais\/wp-json\/wp\/v2\/pages\/661\/revisions"}],"predecessor-version":[{"id":667,"href":"https:\/\/anomalus.ai\/mais\/wp-json\/wp\/v2\/pages\/661\/revisions\/667"}],"wp:attachment":[{"href":"https:\/\/anomalus.ai\/mais\/wp-json\/wp\/v2\/media?parent=661"}],"curies":[{"name":"wp","href":"https:\/\/api.w.org\/{rel}","templated":true}]}}