{"id":408,"date":"2023-10-28T11:10:51","date_gmt":"2023-10-28T14:10:51","guid":{"rendered":"https:\/\/anomalus.ai\/mais\/?page_id=408"},"modified":"2025-10-27T16:31:35","modified_gmt":"2025-10-27T19:31:35","slug":"comportamento","status":"publish","type":"page","link":"https:\/\/anomalus.ai\/mais\/comportamento\/","title":{"rendered":"Comportamento"},"content":{"rendered":"\n<div id=\"wp-block-themeisle-blocks-advanced-columns-71126027\" class=\"wp-block-themeisle-blocks-advanced-columns alignfull has-1-columns has-desktop-equal-layout has-tablet-equal-layout has-mobile-equal-layout has-vertical-center has-dark-bg\"><div class=\"wp-block-themeisle-blocks-advanced-columns-overlay\"><\/div><div class=\"innerblocks-wrap\">\n<div id=\"wp-block-themeisle-blocks-advanced-column-3173e8ac\" class=\"wp-block-themeisle-blocks-advanced-column\">\n<h1 class=\"wp-block-heading has-text-align-center has-nv-text-dark-bg-color has-text-color\">Comportamento<\/h1>\n<\/div>\n<\/div><\/div>\n\n\n\n<div id=\"wp-block-themeisle-blocks-advanced-columns-05a9f139\" class=\"wp-block-themeisle-blocks-advanced-columns alignfull has-2-columns has-desktop-equal-layout has-tablet-equal-layout has-mobile-collapsedRows-layout has-vertical-center ticss-7c3b5c80 has-light-bg\"><div class=\"wp-block-themeisle-blocks-advanced-columns-overlay\"><\/div><div class=\"innerblocks-wrap\">\n<div id=\"wp-block-themeisle-blocks-advanced-column-ab343fda\" class=\"wp-block-themeisle-blocks-advanced-column\">\n<h2 class=\"wp-block-heading\"><strong>Entenda o que est\u00e1 mudando no seu ambiente \u2014 antes que cause impacto.<\/strong><\/h2>\n\n\n\n<p><br>A maioria das ferramentas de monitoramento atua apenas de forma reativa: elas disparam alertas quando um determinado limite \u00e9 ultrapassado. Mas e quando o sistema come\u00e7a a apresentar sinais <strong>antes do problema acontecer<\/strong>?<\/p>\n\n\n\n<div id=\"wp-block-themeisle-blocks-progress-bar-bae20053\" class=\"wp-block-themeisle-blocks-progress-bar ticss-0b8ade26 sm-label\" data-percent=\"66\" data-duration=\"2\"><div class=\"wp-block-themeisle-blocks-progress-bar__area\"><div class=\"wp-block-themeisle-blocks-progress-bar__area__title\"><span>POR ACONTECER &#8211; EVIT\u00c1VEL<\/span><\/div><div class=\"wp-block-themeisle-blocks-progress-bar__area__bar\"><\/div><\/div><\/div>\n\n\n\n<div id=\"wp-block-themeisle-blocks-progress-bar-95a3bc78\" class=\"wp-block-themeisle-blocks-progress-bar ticss-95a3bc78 sm-label\" data-percent=\"87\" data-duration=\"2\"><div class=\"wp-block-themeisle-blocks-progress-bar__area\"><div class=\"wp-block-themeisle-blocks-progress-bar__area__title\"><span>ACONTECENDO &#8211; RISCO NA OPERA\u00c7\u00c3O<\/span><\/div><div class=\"wp-block-themeisle-blocks-progress-bar__area__bar\"><\/div><\/div><\/div>\n\n\n\n<div id=\"wp-block-themeisle-blocks-progress-bar-1b9aa440\" class=\"wp-block-themeisle-blocks-progress-bar ticss-cf6b61a8 sm-label\" data-percent=\"54\" data-duration=\"2\"><div class=\"wp-block-themeisle-blocks-progress-bar__area\"><div class=\"wp-block-themeisle-blocks-progress-bar__area__title\"><span>ACONTECIDO &#8211; DANOS<\/span><\/div><div class=\"wp-block-themeisle-blocks-progress-bar__area__bar\"><\/div><\/div><\/div>\n<\/div>\n\n\n\n<div id=\"wp-block-themeisle-blocks-advanced-column-3facdf7a\" class=\"wp-block-themeisle-blocks-advanced-column\">\n<figure class=\"wp-block-image size-large animated fadeInUp slow\"><img loading=\"lazy\" decoding=\"async\" width=\"1024\" height=\"334\" src=\"https:\/\/anomalus.ai\/mais\/wp-content\/uploads\/2025\/10\/comportamento_1-1024x334.png\" alt=\"\" class=\"wp-image-645\" srcset=\"https:\/\/anomalus.ai\/mais\/wp-content\/uploads\/2025\/10\/comportamento_1-1024x334.png 1024w, https:\/\/anomalus.ai\/mais\/wp-content\/uploads\/2025\/10\/comportamento_1-300x98.png 300w, https:\/\/anomalus.ai\/mais\/wp-content\/uploads\/2025\/10\/comportamento_1-768x251.png 768w, https:\/\/anomalus.ai\/mais\/wp-content\/uploads\/2025\/10\/comportamento_1-1536x502.png 1536w, https:\/\/anomalus.ai\/mais\/wp-content\/uploads\/2025\/10\/comportamento_1-2048x669.png 2048w\" sizes=\"auto, (max-width: 1024px) 100vw, 1024px\" \/><\/figure>\n\n\n\n<div style=\"height:55px\" aria-hidden=\"true\" class=\"wp-block-spacer\"><\/div>\n\n\n\n<figure class=\"wp-block-image size-large animated fadeInUp slow\"><img loading=\"lazy\" decoding=\"async\" width=\"1024\" height=\"566\" src=\"https:\/\/anomalus.ai\/mais\/wp-content\/uploads\/2025\/10\/comportamento_2-1024x566.png\" alt=\"\" class=\"wp-image-644\" srcset=\"https:\/\/anomalus.ai\/mais\/wp-content\/uploads\/2025\/10\/comportamento_2-1024x566.png 1024w, https:\/\/anomalus.ai\/mais\/wp-content\/uploads\/2025\/10\/comportamento_2-300x166.png 300w, https:\/\/anomalus.ai\/mais\/wp-content\/uploads\/2025\/10\/comportamento_2-768x424.png 768w, https:\/\/anomalus.ai\/mais\/wp-content\/uploads\/2025\/10\/comportamento_2-1536x848.png 1536w, https:\/\/anomalus.ai\/mais\/wp-content\/uploads\/2025\/10\/comportamento_2-2048x1131.png 2048w\" sizes=\"auto, (max-width: 1024px) 100vw, 1024px\" \/><\/figure>\n<\/div>\n<\/div><\/div>\n\n\n\n<section id=\"wp-block-themeisle-blocks-advanced-columns-e600557e\" class=\"wp-block-themeisle-blocks-advanced-columns alignfull has-1-columns has-desktop-equal-layout has-tablet-equal-layout has-mobile-equal-layout has-vertical-undefined has-light-bg\"><div class=\"wp-block-themeisle-blocks-advanced-columns-overlay\"><\/div><div class=\"innerblocks-wrap\">\n<div id=\"wp-block-themeisle-blocks-advanced-column-8400a7b8\" class=\"wp-block-themeisle-blocks-advanced-column\">\n<section id=\"wp-block-themeisle-blocks-advanced-columns-588468fa\" class=\"wp-block-themeisle-blocks-advanced-columns has-1-columns has-desktop-equal-layout has-tablet-equal-layout has-mobile-collapsedRows-layout has-vertical-flex-start\"><div class=\"wp-block-themeisle-blocks-advanced-columns-overlay\"><\/div><div class=\"innerblocks-wrap\">\n<div id=\"wp-block-themeisle-blocks-advanced-column-7b3e651b\" class=\"wp-block-themeisle-blocks-advanced-column\">\n<div id=\"wp-block-themeisle-blocks-font-awesome-icons-b9cf1988\" class=\"wp-block-themeisle-blocks-font-awesome-icons\"><span class=\"wp-block-themeisle-blocks-font-awesome-icons-container\"><i class=\"fas fa-clipboard-check\"><\/i><\/span><\/div>\n\n\n\n<h3 class=\"wp-block-heading has-text-align-center\"><strong>Sobre o<\/strong> m\u00f3dulo <strong>Comportamento<\/strong><\/h3>\n\n\n\n<p class=\"has-text-align-left\">O m\u00f3dulo <strong>Comportamento<\/strong> do Anomalus foi criado para <strong>preencher essa lacuna<\/strong>. Ele permite <strong>monitorar a evolu\u00e7\u00e3o das m\u00e9tricas de forma cont\u00ednua<\/strong>, comparando comportamentos hist\u00f3ricos e detectando <strong>mudan\u00e7as significativas mesmo quando os valores ainda est\u00e3o dentro de limites aceit\u00e1veis.<\/strong><\/p>\n\n\n\n<p>Esse m\u00f3dulo \u00e9 ideal para times de infraestrutura, opera\u00e7\u00e3o, seguran\u00e7a e desenvolvimento que buscam <strong>preven\u00e7\u00e3o real, efici\u00eancia operacional e controle proativo<\/strong>, substituindo o &#8220;achismo&#8221; por dados concretos sobre o que est\u00e1 se transformando em seu ambiente \u2014 e por qu\u00ea.<\/p>\n\n\n\n<p>O objetivo principal do m\u00f3dulo de Comportamento \u00e9 permitir que as empresas tenham <strong>consci\u00eancia das mudan\u00e7as que est\u00e3o ocorrendo no ambiente de TI<\/strong> \u2014 de forma detalhada, cont\u00ednua e com base em intelig\u00eancia artificial.<\/p>\n\n\n\n<p class=\"has-text-align-left\">Ao inv\u00e9s de olhar apenas para o agora, o Anomalus <strong>olha para o padr\u00e3o hist\u00f3rico de funcionamento de cada m\u00e9trica<\/strong>, identifica tend\u00eancias de evolu\u00e7\u00e3o (positivas ou negativas) e <strong>prioriza visualmente o que est\u00e1 alterando de forma mais significativa<\/strong>.<\/p>\n\n\n\n<p class=\"has-text-align-left\">Essa abordagem \u00e9 essencial para:<\/p>\n\n\n\n<div id=\"wp-block-themeisle-blocks-icon-list-8aa3b50a\" class=\"wp-block-themeisle-blocks-icon-list\">\n<div id=\"wp-block-themeisle-blocks-icon-list-item-175750cc\" class=\"wp-block-themeisle-blocks-icon-list-item\"><i class=\"fas fa-check wp-block-themeisle-blocks-icon-list-item-icon\"><\/i><p class=\"wp-block-themeisle-blocks-icon-list-item-content\"><strong>Detec\u00e7\u00e3o precoce de degrada\u00e7\u00e3o<\/strong> de desempenho<\/p><\/div>\n\n\n\n<div id=\"wp-block-themeisle-blocks-icon-list-item-69e371e4\" class=\"wp-block-themeisle-blocks-icon-list-item\"><i class=\"fas fa-check wp-block-themeisle-blocks-icon-list-item-icon\"><\/i><p class=\"wp-block-themeisle-blocks-icon-list-item-content\">Investiga\u00e7\u00e3o t\u00e9cnica com base em dados reais e compar\u00e1veis<\/p><\/div>\n\n\n\n<div id=\"wp-block-themeisle-blocks-icon-list-item-50e70b0e\" class=\"wp-block-themeisle-blocks-icon-list-item\"><i class=\"fas fa-check wp-block-themeisle-blocks-icon-list-item-icon\"><\/i><p class=\"wp-block-themeisle-blocks-icon-list-item-content\">Preven\u00e7\u00e3o de falhas causadas por sobrecarga progressiva<\/p><\/div>\n\n\n\n<div id=\"wp-block-themeisle-blocks-icon-list-item-d9051a73\" class=\"wp-block-themeisle-blocks-icon-list-item\"><i class=\"fas fa-check wp-block-themeisle-blocks-icon-list-item-icon\"><\/i><p class=\"wp-block-themeisle-blocks-icon-list-item-content\">Acompanhamento de mudan\u00e7as planejadas (ex: deploys, migra\u00e7\u00f5es, atualiza\u00e7\u00f5es)<\/p><\/div>\n\n\n\n<div id=\"wp-block-themeisle-blocks-icon-list-item-fbb8ae4a\" class=\"wp-block-themeisle-blocks-icon-list-item\"><i class=\"fas fa-check wp-block-themeisle-blocks-icon-list-item-icon\"><\/i><p class=\"wp-block-themeisle-blocks-icon-list-item-content\">Diagn\u00f3stico mais r\u00e1pido de problemas que ainda n\u00e3o geraram alertas<\/p><\/div>\n<\/div>\n\n\n\n<figure class=\"wp-block-image size-large\"><img loading=\"lazy\" decoding=\"async\" width=\"1024\" height=\"259\" src=\"https:\/\/anomalus.ai\/mais\/wp-content\/uploads\/2025\/10\/comportamento_3-1024x259.png\" alt=\"\" class=\"wp-image-655\" srcset=\"https:\/\/anomalus.ai\/mais\/wp-content\/uploads\/2025\/10\/comportamento_3-1024x259.png 1024w, https:\/\/anomalus.ai\/mais\/wp-content\/uploads\/2025\/10\/comportamento_3-300x76.png 300w, https:\/\/anomalus.ai\/mais\/wp-content\/uploads\/2025\/10\/comportamento_3-768x194.png 768w, https:\/\/anomalus.ai\/mais\/wp-content\/uploads\/2025\/10\/comportamento_3-1536x389.png 1536w, https:\/\/anomalus.ai\/mais\/wp-content\/uploads\/2025\/10\/comportamento_3-2048x518.png 2048w\" sizes=\"auto, (max-width: 1024px) 100vw, 1024px\" \/><\/figure>\n<\/div>\n<\/div><\/section>\n\n\n\n<section id=\"wp-block-themeisle-blocks-advanced-columns-ffec3fb6\" class=\"wp-block-themeisle-blocks-advanced-columns has-1-columns has-desktop-equal-layout has-tablet-equal-layout has-mobile-collapsedRows-layout has-vertical-flex-start\"><div class=\"wp-block-themeisle-blocks-advanced-columns-overlay\"><\/div><div class=\"innerblocks-wrap\">\n<div id=\"wp-block-themeisle-blocks-advanced-column-6b80165b\" class=\"wp-block-themeisle-blocks-advanced-column\">\n<div id=\"wp-block-themeisle-blocks-font-awesome-icons-ba67d976\" class=\"wp-block-themeisle-blocks-font-awesome-icons\"><span class=\"wp-block-themeisle-blocks-font-awesome-icons-container\"><i class=\"fas fa-cogs\"><\/i><\/span><\/div>\n\n\n\n<h3 class=\"wp-block-heading has-text-align-center\"><strong>Como <\/strong>funciona?<\/h3>\n\n\n\n<p class=\"has-text-align-left\"><br>O Anomalus utiliza t\u00e9cnicas de <strong>an\u00e1lise comportamental com intelig\u00eancia artificial<\/strong> para:<\/p>\n\n\n\n<div id=\"wp-block-themeisle-blocks-icon-list-098d6941\" class=\"wp-block-themeisle-blocks-icon-list\">\n<div id=\"wp-block-themeisle-blocks-icon-list-item-0f0fe357\" class=\"wp-block-themeisle-blocks-icon-list-item\"><i class=\"fas fa-check wp-block-themeisle-blocks-icon-list-item-icon\"><\/i><p class=\"wp-block-themeisle-blocks-icon-list-item-content\">Aprender o padr\u00e3o de cada m\u00e9trica ao longo do tempo (dia, semana, m\u00eas)<\/p><\/div>\n\n\n\n<div id=\"wp-block-themeisle-blocks-icon-list-item-e92c00f4\" class=\"wp-block-themeisle-blocks-icon-list-item\"><i class=\"fas fa-check wp-block-themeisle-blocks-icon-list-item-icon\"><\/i><p class=\"wp-block-themeisle-blocks-icon-list-item-content\">Detectar <strong>desvios operacionais sutis ou progressivos<\/strong><\/p><\/div>\n\n\n\n<div id=\"wp-block-themeisle-blocks-icon-list-item-556e7517\" class=\"wp-block-themeisle-blocks-icon-list-item\"><i class=\"fas fa-check wp-block-themeisle-blocks-icon-list-item-icon\"><\/i><p class=\"wp-block-themeisle-blocks-icon-list-item-content\">Classificar a <strong>intensidade das altera\u00e7\u00f5es<\/strong> (leve, m\u00e9dia, alta, extrema)<\/p><\/div>\n\n\n\n<div id=\"wp-block-themeisle-blocks-icon-list-item-ab894110\" class=\"wp-block-themeisle-blocks-icon-list-item\"><i class=\"fas fa-check wp-block-themeisle-blocks-icon-list-item-icon\"><\/i><p class=\"wp-block-themeisle-blocks-icon-list-item-content\">Mostrar a <strong>tend\u00eancia dessas mudan\u00e7as<\/strong> (aumentar, reduzir, manter)<\/p><\/div>\n\n\n\n<div id=\"wp-block-themeisle-blocks-icon-list-item-1bbedc19\" class=\"wp-block-themeisle-blocks-icon-list-item\"><i class=\"fas fa-check wp-block-themeisle-blocks-icon-list-item-icon\"><\/i><p class=\"wp-block-themeisle-blocks-icon-list-item-content\">Consolidar tudo em <strong>dashboards por severidade, assunto e tipo de m\u00e9trica<\/strong><\/p><\/div>\n<\/div>\n\n\n\n<p class=\"has-text-align-left\">\ud83d\udcca <strong>O que voc\u00ea enxerga na pr\u00e1tica:<\/strong><\/p>\n\n\n\n<div id=\"wp-block-themeisle-blocks-icon-list-6fdde132\" class=\"wp-block-themeisle-blocks-icon-list\">\n<div id=\"wp-block-themeisle-blocks-icon-list-item-fb48006a\" class=\"wp-block-themeisle-blocks-icon-list-item\"><i class=\"fas fa-check wp-block-themeisle-blocks-icon-list-item-icon\"><\/i><p class=\"wp-block-themeisle-blocks-icon-list-item-content\"><strong>Top 5 endpoints mais alterados<\/strong> em diferentes per\u00edodos (24h, 7 dias, 30 dias)<\/p><\/div>\n\n\n\n<div id=\"wp-block-themeisle-blocks-icon-list-item-3ec44c6d\" class=\"wp-block-themeisle-blocks-icon-list-item\"><i class=\"fas fa-check wp-block-themeisle-blocks-icon-list-item-icon\"><\/i><p class=\"wp-block-themeisle-blocks-icon-list-item-content\">Evolu\u00e7\u00e3o dos scores de altera\u00e7\u00e3o por m\u00e9trica<\/p><\/div>\n\n\n\n<div id=\"wp-block-themeisle-blocks-icon-list-item-e141fc4a\" class=\"wp-block-themeisle-blocks-icon-list-item\"><i class=\"fas fa-check wp-block-themeisle-blocks-icon-list-item-icon\"><\/i><p class=\"wp-block-themeisle-blocks-icon-list-item-content\">An\u00e1lise por <strong>tipo de recurso impactado<\/strong>: banco de dados, armazenamento, rede, processador, servi\u00e7os, etc.<\/p><\/div>\n\n\n\n<div id=\"wp-block-themeisle-blocks-icon-list-item-d5c7b670\" class=\"wp-block-themeisle-blocks-icon-list-item\"><i class=\"fas fa-check wp-block-themeisle-blocks-icon-list-item-icon\"><\/i><p class=\"wp-block-themeisle-blocks-icon-list-item-content\">Pain\u00e9is por <strong>evolu\u00e7\u00e3o (aumento ou queda)<\/strong> e por <strong>assunto t\u00e9cnico<\/strong><\/p><\/div>\n\n\n\n<div id=\"wp-block-themeisle-blocks-icon-list-item-4403fbfa\" class=\"wp-block-themeisle-blocks-icon-list-item\"><i class=\"fas fa-check wp-block-themeisle-blocks-icon-list-item-icon\"><\/i><p class=\"wp-block-themeisle-blocks-icon-list-item-content\">An\u00e1lises estat\u00edsticas com hist\u00f3rico completo: m\u00ednimo, m\u00e1ximo, m\u00e9dia, pico, baixa e proje\u00e7\u00f5es<\/p><\/div>\n<\/div>\n\n\n\n<figure class=\"wp-block-image size-large\"><img loading=\"lazy\" decoding=\"async\" width=\"1024\" height=\"301\" src=\"https:\/\/anomalus.ai\/mais\/wp-content\/uploads\/2025\/10\/comportamento_4-1024x301.png\" alt=\"\" class=\"wp-image-656\" srcset=\"https:\/\/anomalus.ai\/mais\/wp-content\/uploads\/2025\/10\/comportamento_4-1024x301.png 1024w, https:\/\/anomalus.ai\/mais\/wp-content\/uploads\/2025\/10\/comportamento_4-300x88.png 300w, https:\/\/anomalus.ai\/mais\/wp-content\/uploads\/2025\/10\/comportamento_4-768x226.png 768w, https:\/\/anomalus.ai\/mais\/wp-content\/uploads\/2025\/10\/comportamento_4-1536x452.png 1536w, https:\/\/anomalus.ai\/mais\/wp-content\/uploads\/2025\/10\/comportamento_4-2048x603.png 2048w\" sizes=\"auto, (max-width: 1024px) 100vw, 1024px\" \/><\/figure>\n<\/div>\n<\/div><\/section>\n\n\n\n<section id=\"wp-block-themeisle-blocks-advanced-columns-623161f9\" class=\"wp-block-themeisle-blocks-advanced-columns has-1-columns has-desktop-equal-layout has-tablet-equal-layout has-mobile-collapsedRows-layout has-vertical-flex-start\"><div class=\"wp-block-themeisle-blocks-advanced-columns-overlay\"><\/div><div class=\"innerblocks-wrap\">\n<div id=\"wp-block-themeisle-blocks-advanced-column-ab83c213\" class=\"wp-block-themeisle-blocks-advanced-column\">\n<div id=\"wp-block-themeisle-blocks-font-awesome-icons-3c602f42\" class=\"wp-block-themeisle-blocks-font-awesome-icons\"><span class=\"wp-block-themeisle-blocks-font-awesome-icons-container\"><i class=\"fas fa-chart-bar\"><\/i><\/span><\/div>\n\n\n\n<h3 class=\"wp-block-heading has-text-align-center\"><strong>Por que isso <\/strong>importa?<\/h3>\n\n\n\n<p class=\"has-text-align-left\">Enquanto os sistemas tradicionais s\u00f3 disparam alertas com base em limiares fixos (por exemplo, \u201cuso de CPU &gt; 90%\u201d), o Anomalus <strong>identifica quando uma m\u00e9trica est\u00e1 se comportando fora do padr\u00e3o normal<\/strong>, mesmo que ainda n\u00e3o tenha atingido um n\u00edvel cr\u00edtico.<\/p>\n\n\n\n<p class=\"has-text-align-left\">Isso permite:<\/p>\n\n\n\n<div id=\"wp-block-themeisle-blocks-icon-list-c5ad329b\" class=\"wp-block-themeisle-blocks-icon-list\">\n<div id=\"wp-block-themeisle-blocks-icon-list-item-1c4ac091\" class=\"wp-block-themeisle-blocks-icon-list-item\"><i class=\"fas fa-check wp-block-themeisle-blocks-icon-list-item-icon\"><\/i><p class=\"wp-block-themeisle-blocks-icon-list-item-content\">Agir de forma <strong>proativa<\/strong><\/p><\/div>\n\n\n\n<div id=\"wp-block-themeisle-blocks-icon-list-item-76534bd4\" class=\"wp-block-themeisle-blocks-icon-list-item\"><i class=\"fas fa-check wp-block-themeisle-blocks-icon-list-item-icon\"><\/i><p class=\"wp-block-themeisle-blocks-icon-list-item-content\">Reduzir falhas causadas por degrada\u00e7\u00e3o lenta<\/p><\/div>\n\n\n\n<div id=\"wp-block-themeisle-blocks-icon-list-item-9623f4fe\" class=\"wp-block-themeisle-blocks-icon-list-item\"><i class=\"fas fa-check wp-block-themeisle-blocks-icon-list-item-icon\"><\/i><p class=\"wp-block-themeisle-blocks-icon-list-item-content\">Antecipar impactos em sistemas cr\u00edticos<\/p><\/div>\n\n\n\n<div id=\"wp-block-themeisle-blocks-icon-list-item-57c39df0\" class=\"wp-block-themeisle-blocks-icon-list-item\"><i class=\"fas fa-check wp-block-themeisle-blocks-icon-list-item-icon\"><\/i><p class=\"wp-block-themeisle-blocks-icon-list-item-content\"><strong>Investigar a fundo<\/strong> o que est\u00e1 gerando mudan\u00e7as anormais no ambiente<\/p><\/div>\n<\/div>\n\n\n\n<div style=\"height:57px\" aria-hidden=\"true\" class=\"wp-block-spacer\"><\/div>\n\n\n\n<figure class=\"wp-block-image size-large\"><img loading=\"lazy\" decoding=\"async\" width=\"1024\" height=\"278\" src=\"https:\/\/anomalus.ai\/mais\/wp-content\/uploads\/2025\/10\/comportamento_5-1024x278.png\" alt=\"\" class=\"wp-image-657\" srcset=\"https:\/\/anomalus.ai\/mais\/wp-content\/uploads\/2025\/10\/comportamento_5-1024x278.png 1024w, https:\/\/anomalus.ai\/mais\/wp-content\/uploads\/2025\/10\/comportamento_5-300x82.png 300w, https:\/\/anomalus.ai\/mais\/wp-content\/uploads\/2025\/10\/comportamento_5-768x209.png 768w, https:\/\/anomalus.ai\/mais\/wp-content\/uploads\/2025\/10\/comportamento_5-1536x418.png 1536w, https:\/\/anomalus.ai\/mais\/wp-content\/uploads\/2025\/10\/comportamento_5-2048x557.png 2048w\" sizes=\"auto, (max-width: 1024px) 100vw, 1024px\" \/><\/figure>\n<\/div>\n<\/div><\/section>\n\n\n\n<section id=\"wp-block-themeisle-blocks-advanced-columns-a4da10a5\" class=\"wp-block-themeisle-blocks-advanced-columns has-1-columns has-desktop-equal-layout has-tablet-equal-layout has-mobile-collapsedRows-layout has-vertical-flex-start\"><div class=\"wp-block-themeisle-blocks-advanced-columns-overlay\"><\/div><div class=\"innerblocks-wrap\">\n<div id=\"wp-block-themeisle-blocks-advanced-column-8d8f4b44\" class=\"wp-block-themeisle-blocks-advanced-column\">\n<div id=\"wp-block-themeisle-blocks-font-awesome-icons-74908cce\" class=\"wp-block-themeisle-blocks-font-awesome-icons\"><span class=\"wp-block-themeisle-blocks-font-awesome-icons-container\"><i class=\"fas fa-binoculars\"><\/i><\/span><\/div>\n\n\n\n<h3 class=\"wp-block-heading has-text-align-center\">Exemplo<strong> real:<\/strong><\/h3>\n\n\n\n<p class=\"has-text-align-left\">Imagine um ambiente onde o banco de dados est\u00e1 com aumento cont\u00ednuo na lat\u00eancia de leitura. Ainda n\u00e3o gerou falha, mas os dados mostram <strong>aumento de buffers, press\u00e3o de I\/O e queda progressiva no desempenho<\/strong>.<\/p>\n\n\n\n<p class=\"has-text-align-left\">O Anomalus identifica isso com base na curva de comportamento, <strong>reconhece o risco antes do colapso<\/strong>, e informa qual recurso, m\u00e9trica e endpoint est\u00e3o no centro da mudan\u00e7a.<\/p>\n<\/div>\n<\/div><\/section>\n\n\n\n<section id=\"wp-block-themeisle-blocks-advanced-columns-3073b1bb\" class=\"wp-block-themeisle-blocks-advanced-columns has-1-columns has-desktop-equal-layout has-tablet-equal-layout has-mobile-collapsedRows-layout has-vertical-flex-start\"><div class=\"wp-block-themeisle-blocks-advanced-columns-overlay\"><\/div><div class=\"innerblocks-wrap\">\n<div id=\"wp-block-themeisle-blocks-advanced-column-5ecde0b9\" class=\"wp-block-themeisle-blocks-advanced-column\">\n<div id=\"wp-block-themeisle-blocks-font-awesome-icons-8a478e0c\" class=\"wp-block-themeisle-blocks-font-awesome-icons\"><span class=\"wp-block-themeisle-blocks-font-awesome-icons-container\"><i class=\"fas fa-chart-pie\"><\/i><\/span><\/div>\n\n\n\n<h3 class=\"wp-block-heading has-text-align-center\"><strong>Resumo dos <\/strong>principais recursos:<\/h3>\n\n\n\n<div id=\"wp-block-themeisle-blocks-icon-list-f9f451cc\" class=\"wp-block-themeisle-blocks-icon-list\">\n<div id=\"wp-block-themeisle-blocks-icon-list-item-b6bbab02\" class=\"wp-block-themeisle-blocks-icon-list-item\"><i class=\"fas fa-check wp-block-themeisle-blocks-icon-list-item-icon\"><\/i><p class=\"wp-block-themeisle-blocks-icon-list-item-content\">An\u00e1lise comparativa por per\u00edodo (24h, 7d, 30d, 90d)<\/p><\/div>\n\n\n\n<div id=\"wp-block-themeisle-blocks-icon-list-item-e6589cd9\" class=\"wp-block-themeisle-blocks-icon-list-item\"><i class=\"fas fa-check wp-block-themeisle-blocks-icon-list-item-icon\"><\/i><p class=\"wp-block-themeisle-blocks-icon-list-item-content\">Dashboards de evolu\u00e7\u00e3o e severidade<\/p><\/div>\n\n\n\n<div id=\"wp-block-themeisle-blocks-icon-list-item-13289fde\" class=\"wp-block-themeisle-blocks-icon-list-item\"><i class=\"fas fa-check wp-block-themeisle-blocks-icon-list-item-icon\"><\/i><p class=\"wp-block-themeisle-blocks-icon-list-item-content\">An\u00e1lises estat\u00edsticas com coment\u00e1rios da IA<\/p><\/div>\n\n\n\n<div id=\"wp-block-themeisle-blocks-icon-list-item-b483d7cb\" class=\"wp-block-themeisle-blocks-icon-list-item\"><i class=\"fas fa-check wp-block-themeisle-blocks-icon-list-item-icon\"><\/i><p class=\"wp-block-themeisle-blocks-icon-list-item-content\">Proje\u00e7\u00f5es de comportamento com base em hist\u00f3rico<\/p><\/div>\n<\/div>\n<\/div>\n<\/div><\/section>\n<\/div>\n<\/div><\/section>\n","protected":false},"excerpt":{"rendered":"","protected":false},"author":1,"featured_media":0,"parent":0,"menu_order":0,"comment_status":"closed","ping_status":"closed","template":"page-templates\/template-pagebuilder-full-width.php","meta":{"neve_meta_sidebar":"full-width","neve_meta_container":"","neve_meta_enable_content_width":"on","neve_meta_content_width":100,"neve_meta_title_alignment":"","neve_meta_author_avatar":"","neve_post_elements_order":"","neve_meta_disable_header":"","neve_meta_disable_footer":"","neve_meta_disable_title":"","_themeisle_gutenberg_block_has_review":false,"footnotes":""},"class_list":["post-408","page","type-page","status-publish","hentry"],"_links":{"self":[{"href":"https:\/\/anomalus.ai\/mais\/wp-json\/wp\/v2\/pages\/408","targetHints":{"allow":["GET"]}}],"collection":[{"href":"https:\/\/anomalus.ai\/mais\/wp-json\/wp\/v2\/pages"}],"about":[{"href":"https:\/\/anomalus.ai\/mais\/wp-json\/wp\/v2\/types\/page"}],"author":[{"embeddable":true,"href":"https:\/\/anomalus.ai\/mais\/wp-json\/wp\/v2\/users\/1"}],"replies":[{"embeddable":true,"href":"https:\/\/anomalus.ai\/mais\/wp-json\/wp\/v2\/comments?post=408"}],"version-history":[{"count":11,"href":"https:\/\/anomalus.ai\/mais\/wp-json\/wp\/v2\/pages\/408\/revisions"}],"predecessor-version":[{"id":660,"href":"https:\/\/anomalus.ai\/mais\/wp-json\/wp\/v2\/pages\/408\/revisions\/660"}],"wp:attachment":[{"href":"https:\/\/anomalus.ai\/mais\/wp-json\/wp\/v2\/media?parent=408"}],"curies":[{"name":"wp","href":"https:\/\/api.w.org\/{rel}","templated":true}]}}